{"id":2,"date":"2014-05-09T04:35:09","date_gmt":"2014-05-09T04:35:09","guid":{"rendered":"http:\/\/localhost\/wordpress-3.9.1\/wordpress\/?page_id=2"},"modified":"2025-01-04T18:56:31","modified_gmt":"2025-01-04T17:56:31","slug":"la-asociacion","status":"publish","type":"page","link":"https:\/\/asociacionwawitai.org\/?page_id=2","title":{"rendered":"HISTORIA DE WAWITAI"},"content":{"rendered":"\n<div class=\"wp-block-uagb-container uagb-block-ad56ba49 alignfull uagb-is-root-container\"><div class=\"uagb-container-inner-blocks-wrap\">\n<div class=\"wp-block-uagb-advanced-heading uagb-block-89536b24\"><h1 class=\"uagb-heading-text\">wAWITAI &#8211; Nuestra historia<\/h1><\/div>\n<\/div><\/div>\n\n\n\n<div class=\"wp-block-uagb-container uagb-block-ca41318f alignfull uagb-is-root-container\"><div class=\"uagb-container-inner-blocks-wrap\">\n<div class=\"wp-block-uagb-container uag-blocks-common-selector uagb-block-bc9b9820 alignfull uagb-is-root-container\">\n<div class=\"wp-block-uagb-container uagb-block-8e18b543\">\n<div class=\"wp-block-uagb-image uagb-block-5d963c0d wp-block-uagb-image--layout-default wp-block-uagb-image--effect-static wp-block-uagb-image--align-none\"><figure class=\"wp-block-uagb-image__figure\"><img decoding=\"async\" srcset=\"https:\/\/asociacionwawitai.org\/wp-content\/uploads\/2024\/02\/2022_NI\u00f1asCalle_01.jpg ,https:\/\/asociacionwawitai.org\/wp-content\/uploads\/2024\/02\/2022_NI\u00f1asCalle_01.jpg 780w, https:\/\/asociacionwawitai.org\/wp-content\/uploads\/2024\/02\/2022_NI\u00f1asCalle_01.jpg 360w\" sizes=\"auto, (max-width: 480px) 150px\" src=\"https:\/\/asociacionwawitai.org\/wp-content\/uploads\/2024\/02\/2022_NI\u00f1asCalle_01.jpg\" alt=\"\" class=\"uag-image-2810\" width=\"340\" height=\"225\" title=\"\" loading=\"lazy\" role=\"img\"\/><\/figure><\/div>\n<\/div>\n\n\n\n<div class=\"wp-block-uagb-container uagb-block-94a35c6d\">\n<div class=\"wp-block-uagb-image uagb-block-98d68b02 wp-block-uagb-image--layout-default wp-block-uagb-image--effect-static wp-block-uagb-image--align-none\"><figure class=\"wp-block-uagb-image__figure\"><img decoding=\"async\" srcset=\"https:\/\/asociacionwawitai.org\/wp-content\/uploads\/2024\/02\/2022_Casa_01.jpg ,https:\/\/asociacionwawitai.org\/wp-content\/uploads\/2024\/02\/2022_Casa_01.jpg 780w, https:\/\/asociacionwawitai.org\/wp-content\/uploads\/2024\/02\/2022_Casa_01.jpg 360w\" sizes=\"auto, (max-width: 480px) 150px\" src=\"https:\/\/asociacionwawitai.org\/wp-content\/uploads\/2024\/02\/2022_Casa_01.jpg\" alt=\"\" class=\"uag-image-2796\" width=\"340\" height=\"225\" title=\"\" loading=\"lazy\" role=\"img\"\/><\/figure><\/div>\n<\/div>\n\n\n\n<div class=\"wp-block-uagb-container uagb-block-34e7af1c\">\n<div class=\"wp-block-uagb-image uagb-block-65d6b1b4 wp-block-uagb-image--layout-default wp-block-uagb-image--effect-static wp-block-uagb-image--align-none\"><figure class=\"wp-block-uagb-image__figure\"><img decoding=\"async\" srcset=\"https:\/\/asociacionwawitai.org\/wp-content\/uploads\/2024\/02\/Mec\u00e1nicaAutomovil_02.jpg ,https:\/\/asociacionwawitai.org\/wp-content\/uploads\/2024\/02\/Mec\u00e1nicaAutomovil_02.jpg 780w, https:\/\/asociacionwawitai.org\/wp-content\/uploads\/2024\/02\/Mec\u00e1nicaAutomovil_02.jpg 360w\" sizes=\"auto, (max-width: 480px) 150px\" src=\"https:\/\/asociacionwawitai.org\/wp-content\/uploads\/2024\/02\/Mec\u00e1nicaAutomovil_02.jpg\" alt=\"\" class=\"uag-image-2649\" width=\"340\" height=\"224\" title=\"\" loading=\"lazy\" role=\"img\"\/><\/figure><\/div>\n<\/div>\n\n\n\n<div class=\"wp-block-uagb-container uagb-block-b4356618\">\n<div class=\"wp-block-uagb-image uagb-block-79cad4e1 wp-block-uagb-image--layout-default wp-block-uagb-image--effect-static wp-block-uagb-image--align-none\"><figure class=\"wp-block-uagb-image__figure\"><img decoding=\"async\" srcset=\"https:\/\/asociacionwawitai.org\/wp-content\/uploads\/2020\/12\/IMG-20181213-WA0003.jpg ,https:\/\/asociacionwawitai.org\/wp-content\/uploads\/2020\/12\/IMG-20181213-WA0003.jpg 780w, https:\/\/asociacionwawitai.org\/wp-content\/uploads\/2020\/12\/IMG-20181213-WA0003.jpg 360w\" sizes=\"auto, (max-width: 480px) 150px\" src=\"https:\/\/asociacionwawitai.org\/wp-content\/uploads\/2020\/12\/IMG-20181213-WA0003.jpg\" alt=\"\" class=\"uag-image-1858\" width=\"340\" height=\"225\" title=\"\" loading=\"lazy\" role=\"img\"\/><\/figure><\/div>\n<\/div>\n\n\n\n<div class=\"wp-block-uagb-container uagb-block-943f95fe\">\n<div class=\"wp-block-uagb-image uagb-block-81184e31 wp-block-uagb-image--layout-default wp-block-uagb-image--effect-static wp-block-uagb-image--align-none\"><figure class=\"wp-block-uagb-image__figure\"><img decoding=\"async\" srcset=\"https:\/\/asociacionwawitai.org\/wp-content\/uploads\/2020\/12\/Guarder\u00eda_10__Ni\u00f1osBailandoFolklore.jpg ,https:\/\/asociacionwawitai.org\/wp-content\/uploads\/2020\/12\/Guarder\u00eda_10__Ni\u00f1osBailandoFolklore.jpg 780w, https:\/\/asociacionwawitai.org\/wp-content\/uploads\/2020\/12\/Guarder\u00eda_10__Ni\u00f1osBailandoFolklore.jpg 360w\" sizes=\"auto, (max-width: 480px) 150px\" src=\"https:\/\/asociacionwawitai.org\/wp-content\/uploads\/2020\/12\/Guarder\u00eda_10__Ni\u00f1osBailandoFolklore.jpg\" alt=\"\" class=\"uag-image-1769\" width=\"340\" height=\"225\" title=\"\" loading=\"lazy\" role=\"img\"\/><\/figure><\/div>\n<\/div>\n<\/div>\n\n\n\n<h2 class=\"wp-block-heading has-text-align-left has-large-font-size\">1975 &#8211; El Embri\u00f3n&#8230;<\/h2>\n\n\n\n<p>Fue en 1975\u2026<\/p>\n\n\n\n<p>El destino quiere que un grupo de chic@s de entre 18 y 20 a\u00f1os, concienciados de las enormes injusticias que asolan el planeta, se encuentren para compartir sus inquietudes.<\/p>\n\n\n\n<p>Como es natural, forman parejas de novios. Algunas se preparan en la sede del Movimiento Familiar Cristiano para su futuro matrimonio, donde conocen a <em><u><a href=\"http:\/\/asociacionwawitai.org\/wp-content\/uploads\/2024\/12\/LuisCuartero_LaPersona.pdf\" target=\"_blank\" rel=\"noreferrer noopener\"><strong>Luis Cuartero<\/strong><\/a><\/u><\/em>, capell\u00e1n de las monjas de la cl\u00ednica del Pilar y con qui\u00e9n surge una progresiva amistad que se va fortaleciendo con los a\u00f1os.<\/p>\n\n\n\n<p>Y en la misma medida, el sentimiento de que su colecta mensual es insuficiente, un inc\u00f3modo interrogante acerca de qu\u00e9 m\u00e1s hacer les increpa. Sobre todo en favor de algunos ni\u00f1@s para quienes, al parecer, no son de aplicaci\u00f3n los derechos humanos que dicha carta preconiza.<\/p>\n\n\n\n<div class=\"wp-block-uagb-container uagb-block-65a60849\">\n<h2 class=\"wp-block-heading has-text-align-left has-large-font-size\">1995 &#8211; WAWITAI \u2013 Nacimiento como Asociaci\u00f3n<\/h2>\n\n\n\n<p>Pero en 1995 sucede un hecho que marca el punto de inflexi\u00f3n: Lu\u00eds Cuartero viaja a Suram\u00e9rica consecuencia de su nombramiento en la <em><u><strong><a href=\"https:\/\/omp.es\/\">O.M.P<\/a><\/strong>.<\/u><\/em> y en Bolivia visita un lugar que le conmociona: <em><u><a href=\"http:\/\/asociacionwawitai.org\/wp-content\/uploads\/2024\/02\/240209_HistoriaGuarder\u00edaElAngel.pdf\" target=\"_blank\" rel=\"noreferrer noopener\"><strong>\u201cLa Guarder\u00eda infantil El \u00c1ngel\u201d<\/strong><\/a><\/u><\/em>, \u00a0fundada por Sara Romero, religiosa seglar del <em><u><a href=\"https:\/\/www.cruzadaevangelica.com\/\" target=\"_blank\" rel=\"noreferrer noopener\"><strong>ISCE<\/strong><\/a><\/u><\/em> en 1982, quien realiza una encomiable labor.<\/p>\n\n\n\n<p>Ser\u00e1 nuestro primer proyecto de grupo y si bien desde aquel verano de 1995, se comienza a destinar los exiguos recursos de las colectas del grupo a sufragar dicha guarder\u00eda, es el germen que dar\u00e1 su fruto un a\u00f1o m\u00e1s tarde: WAWITAI.<\/p>\n\n\n\n<p>Y\u2026 \u00bfPor qu\u00e9 el nombre de Wawitai? En quechua, idioma de una buena parte de los campesinos de Bolivia, &nbsp;<em>\u201cwawa\u201d<\/em> significa ni\u00f1o, <em>\u201cwawita\u201d<\/em>, ni\u00f1ito y <em>\u201cWawitai\u201d<\/em>, mi ni\u00f1ito querido \u00bfHay otro nombre m\u00e1s hermosos\u2026?<\/p>\n\n\n\n<p>Paralelamente, otros proyectos reclaman la atenci\u00f3n de la joven Asociaci\u00f3n y, de entre todos ellos, la labor de <em><u>Julio Feli\u00fa<\/u><\/em>, un Padre Blanco de Zaragoza volcado en l@s ni\u00f1@s y j\u00f3venes hu\u00e9rfan@s a trav\u00e9s de la parroquia de Chilinde, en los alrededores de Lilongwe, la capital de Malawi ocupar\u00e1 el segundo de los proyectos de WAWITAI que integrar\u00e1 varios apartados como <em><u>\u201clos ni\u00f1os hu\u00e9rfanos de la parroquia de Chilinde\u201d<\/u><\/em>, el &nbsp;<em><u>\u201cHospital de Mtengo Wa Nthenga\u201d<\/u><\/em> y la colaboraci\u00f3n con el <em><u>St. Mary\u2019s \u201cOrfanato de Chezi.\u201d<\/u><\/em><\/p>\n\n\n\n<p>Tambi\u00e9n se decide promover el env\u00edo de contenedores y la posibilidad de que, quien as\u00ed lo desee, pueda hacerse cargo de la manutenci\u00f3n y formaci\u00f3n de alguno a m\u00e1s ni\u00f1@s y j\u00f3venes de la parroquia.<\/p>\n\n\n\n<p>Finalmente, en la Asamblea General de 24 de Noviembre del a\u00f1o 2000, se somete a la asamblea por iniciativa de la Junta, constituir una nueva asociaci\u00f3n de car\u00e1cter civil que se denominar\u00eda Asociaci\u00f3n WAWITAI (sin lo de \u201cMisionera\u201d) e integrar a la primera en la segunda como un asociado m\u00e1s. La propuesta es aprobada y una vez inscrita ser\u00e1 esta ya quien contin\u00fae la labor.<\/p>\n\n\n\n<p>Seguir\u00e1n a\u00f1os de mucha actividad. Se env\u00edan m\u00e1s de veinte contenedores a \u00c1frica y se sufragan gastos de alimentaci\u00f3n, formaci\u00f3n, infraestructuras\u2026 Y no solo de los dos proyectos aprobados en la primera junta; <em><u>\u201cotros destinos en Malawi y otros pa\u00edses\u201d<\/u><\/em> se van sumando; la Asociaci\u00f3n crece, crece el n\u00famero de socios, crece el n\u00famero e importe de entidades, empresas y corporaciones. Hospitales como El Servet, que a iniciativa de la Asociaci\u00f3n en la persona de <em><u>Milagros Pe\u00f1a<\/u><\/em>, miembro de la Junta que trabaja en el Hospital y que se vuelca en que sea Malawi el proyecto elegido, inicia un proyecto de colaboraci\u00f3n internacional con el <em><u>\u201cHospital central de Kamuzu\u201d<\/u><\/em> &nbsp;de Lilongwe. Aquella peque\u00f1a semilla plantada el a\u00f1o 1996, es ya al inicio del siglo XXI y a\u00f1os siguientes, un \u00e1rbol de buena planta que da sombra y cobija las necesidades de un buen n\u00famero de ni\u00f1@s y j\u00f3venes del tercer mundo. Una gota en el mar comparado con lo que queda por hacer, pero una gota con la que hemos podido llevar la sonrisa a las caras de unos ni\u00f1@s que la ten\u00edan secuestrada.<\/p>\n<\/div>\n<\/div><\/div>\n\n\n\n<div class=\"wp-block-uagb-container uagb-block-c6a559a3 alignfull uagb-is-root-container\"><div class=\"uagb-container-inner-blocks-wrap\"><\/div><\/div>\n\n\n\n<div class=\"wp-block-uagb-container uagb-block-caf225b0 alignfull uagb-is-root-container\"><div class=\"uagb-container-inner-blocks-wrap\">\n<div class=\"wp-block-uagb-container uagb-block-40d46e7f\">\n<h2 class=\"wp-block-heading has-text-align-left has-large-font-size\">2008 &#8211; La crisis&#8230;<\/h2>\n\n\n\n<p>Tampoco la alegr\u00eda\u2026<\/p>\n\n\n\n<p>A partir de 2008, la crisis econ\u00f3mica da al traste con las ayudas y donaciones de casi todas las entidades, empresas y corporaciones. El grifo se va cerrando poco a poco hasta no caer ni gota. Los asociados, afectados igualmente por el deterioro de la econom\u00eda, causan baja en buen n\u00famero. El Hospital Miguel Servet interrumpe y clausura <strong><em>sine d\u00ede<\/em><\/strong> el programa de colaboraci\u00f3n con el sistema sanitario de Malawi\u2026 \u00a1Un caos\u2026! Caos que al menos tiene una parte positiva y de admiraci\u00f3n.<\/p>\n\n\n\n<p><em><u>Carmen Ferrer<\/u><\/em> y varias enfermeras que colaboraban y deb\u00edan de colaborar en el proyecto clausurado por el Hospital Miguel Servet, deciden seguir con el programa por su cuenta y constituyen una Asociaci\u00f3n denominada <em><u>\u201cMalawi Salud\u201d<\/u><\/em> con intenci\u00f3n de recaudar fondos. Publican un calendario con el que consiguen los recursos para la estancia de las enfermeras. Los viajes comienzan pag\u00e1ndoselo ellas mismas y medicamentos, aparatos y otros bienes de uso m\u00e9dico y hospitalario, lo sufragan con ayudas proporcionadas por nuestra asociaci\u00f3n WAWITAI, por sus propios asociados y por alguna ayuda que les concede el Colegio de M\u00e9dicos y Ayuntamiento de Zaragoza de tanto en cuanto. Enhorabuena a est@s luchador@s por no caer en el des\u00e1nimo y no abandonar una hermosa tarea de justicia.<\/p>\n\n\n\n<p>Pero para la Asociaci\u00f3n WAWITA pinta mal\u2026<\/p>\n<\/div>\n<\/div><\/div>\n\n\n\n<div class=\"wp-block-uagb-container uagb-block-daf1afd9 alignfull uagb-is-root-container\"><div class=\"uagb-container-inner-blocks-wrap\">\n<div class=\"wp-block-uagb-container uagb-block-e3dd220f\">\n<h2 class=\"wp-block-heading has-text-align-left has-large-font-size\">2011 &#8211; Vuelta a empezar&#8230;<\/h2>\n\n\n\n<p>Tan mal que en la Junta de marzo de 2011 se propone el cierre de la misma. Proposici\u00f3n que es desestimada y, en la misma asamblea, se toman medidas para la supervivencia. Luis Cuartero se ofrece como nuevo Presidente con ayuda de otros miembros; se renuevan otros cargos, se cambia el domicilio social del local donde estaba ubicada la Asociaci\u00f3n a la oficina de Misiones que Luis ocupa en el edificio de la Iglesia, en la Plaza del Pilar, a coste cero; se trata de reducir gastos al m\u00ednimo necesario\u2026 Todo lo que permita, en la nueva realidad, intentar mantener la Asociaci\u00f3n viva y los proyectos que la originaron, en marcha.<\/p>\n\n\n\n<p>Aquel 2011 es un a\u00f1o de vuelta a empezar. Como el juego de la Oca. De nuevo a la casilla de salida. Y, aunque con renovada ilusi\u00f3n otra vez, lo cierto es que van a seguir a\u00f1os de estrechez econ\u00f3mica; la crisis se instala en las econom\u00edas de muchos pa\u00edses de los que Espa\u00f1a no es ajena, y tardar\u00e1 en remontar.<\/p>\n\n\n\n<p>Como idea para hacerlo, se propone mejorar el canal informativo con el asociado. Tratar, al menos, de mantener los que hay y, en lo posible, recuperar los que se han ido u otros nuevos. Para ello se mejora la web de la Asociaci\u00f3n y se inicia la publicaci\u00f3n y env\u00edo a los asociados de un Bolet\u00edn Informativo de car\u00e1cter peri\u00f3dico contando la marcha de los proyectos e incluyendo una secci\u00f3n, <em>\u201cLas Cuentas Claras\u201d<\/em>, que refleje toda la informaci\u00f3n econ\u00f3mica de la Asociaci\u00f3n. Gracias a dichos Boletines de car\u00e1cter trimestral al principio, semestral despu\u00e9s, y desde 2016 cada mes de diciembre, la historia de WAWITAI est\u00e1 debidamente reflejada en ellos. En su web puedes ver, leer, o descargar todos y cada uno de dichos Boletines. Tambi\u00e9n las actas de las asambleas.<\/p>\n<\/div>\n<\/div><\/div>\n\n\n\n<div class=\"wp-block-uagb-container uagb-block-d838a713 alignfull uagb-is-root-container\"><div class=\"uagb-container-inner-blocks-wrap\">\n<div class=\"wp-block-uagb-container uagb-block-c9ef6e04\">\n<h2 class=\"wp-block-heading has-text-align-left has-large-font-size\">La Actualidad&#8230;<\/h2>\n\n\n\n<p>Hoy, avanzado un cuarto ya del siglo XXI, sobreviven poco m\u00e1s de una centena de socios y, aparte de donaciones puntuales y alguna herencia milagrosa, se recaudan alrededor de 25.000,00\u20ac al a\u00f1o que permiten mantener vivo el proyecto inicial de la <em><u>Guarder\u00eda El \u00c1ngel<\/u><\/em>, que gracias a Dios ya no necesita de tantos recursos, y una parte del segundo: la de las <em><u>Becas de formaci\u00f3n profesional para los chaval@s de Chinsapo<\/u><\/em> en el Colegio Don Bosco de Formaci\u00f3n Profesional, en Lilongwe.<\/p>\n\n\n\n<p>Aparte de estos dos, tres proyectos m\u00e1s reciben ayudas de la Asociaci\u00f3n Wawitai en 2024.<\/p>\n\n\n\n<p>Uno surge cuando, a la par de la crisis de 2008, el Hospital Miguel Servet abandona a la <em><u>Asociaci\u00f3n Malawi Salud<\/u><\/em> y su colaboraci\u00f3n con el Hospital Central Kamuzu de Lilongwe (Malawi) en el env\u00edo de enfermeras del Servet y provisi\u00f3n de medicamentos y equipo m\u00e9dico. Wawitai no puede permanecer impasible y decide colaborar con dicha asociaci\u00f3n.<\/p>\n\n\n\n<p>Otro, un <em><u>\u201cCentro de acogida para ni\u00f1@s y j\u00f3venes en el poblado de Abobo\u201d<\/u><\/em> en Etiop\u00eda, gestionado por otra cl\u00e9riga seglar que pertenece al <em><u>\u201cmovimiento ADSIS\u201d<\/u><\/em>, <em><u>Mar\u00eda Taboada<\/u><\/em>; tambi\u00e9n de Zaragoza. Es a ra\u00edz de un encuentro fortuito entre Mar\u00eda y Ernesto en la Eucarist\u00eda de un domingo de 2016 en la parroquia de Valdefierro, que el presidente de WAWITAI conoce la labor que Mar\u00eda desarrolla en aquel poblado de la regi\u00f3n de Gambella, en Etiop\u00eda. Mas tarde nos env\u00eda informaci\u00f3n de la labor que la comunidad desarrolla; y as\u00ed, poquito a poquito nos vamos involucrando en otro hermoso proyecto hacia los peque\u00f1@s y j\u00f3venes m\u00e1s desfavorecidos&#8230;&nbsp; &nbsp;<\/p>\n\n\n\n<p>Y por \u00faltimo, la <em><u>\u201cGuarder\u00eda para ni\u00f1as de la calle, ANKUR\u201d<\/u><\/em>, en los suburbios de Mira Road, India, donde trabaja la hermana Primi, tambi\u00e9n de Zaragoza. Una labor para dar cobijo, retirar de la calle y dar alimentaci\u00f3n, cobijo y formaci\u00f3n, a doscientas ni\u00f1as abandonadas en un pa\u00eds, la India, donde estas ni\u00f1as no valen absolutamente nada.<\/p>\n\n\n\n<p>Aparte de \u00e9stos cinco proyectos que hay permanecen vivos, entre 2011 y 2024 se acometen algunos otros proyectos puntuales, como en la guerra de Ucrania, la tragedia de Filipinas o en situaciones extremas, como cuando el Covid\u2026<\/p>\n\n\n\n<p>La situaci\u00f3n actual es como es. Casi todos los que empezaron la Asociaci\u00f3n, ya no cumplir\u00e1n los sesenta. El aire actual no propicia nuevos asociados en entidades de ayuda al tercer mundo; solo hace falta ver el n\u00famero de trabajadores que las m\u00e1s importantes sacan a la calle en su af\u00e1n de mantener sus proyectos. Tampoco en la Junta se sienten empujados por gente m\u00e1s joven que venga detr\u00e1s para hacerse cargo de los cargos de direcci\u00f3n, que invariablemente se repiten a\u00f1o tras a\u00f1o.<\/p>\n<\/div>\n<\/div><\/div>\n\n\n\n<div class=\"wp-block-uagb-container uagb-block-933151f1 alignfull uagb-is-root-container\"><div class=\"uagb-container-inner-blocks-wrap\">\n<div class=\"wp-block-uagb-container uagb-block-b32b58f8\">\n<h2 class=\"wp-block-heading has-text-align-left has-large-font-size\">Sombras y Esperanzas\u2026<\/h2>\n\n\n\n<p>Por otra parte, los misioneros y responsables de los proyectos, con sus vidas a ellos dedicadas y de honradez absoluta, se van haciendo mayores. Sara falleci\u00f3 hace unos a\u00f1os, si bien ahora contin\u00faa su labor Isabel Vasquez, tambi\u00e9n del ISCE. Julio dejo Malawi en 2022 y descansa su salud en la casa que los Padres Blancos tienen en Madrid. Su labor en Chinsapo la continua un nuevo responsable de la Di\u00f3cesis de Lilongwe, un responsable al que no conocemos ni existe alguna v\u00eda de colaboraci\u00f3n posible, salvo para el tema de las Becas, que recae en Lloyd Herman, ayudante de Julio de muchos a\u00f1os y colaborador en el comit\u00e9 de estudios del Colegio San Juan Bosco. Gracias a \u00e9l y a las gestiones que este 2024 se inician con el colegio directamente, este proyecto puede seguir adelante.<\/p>\n\n\n\n<p>&nbsp; Pero lo cierto es que poco a poco deben abandonar\u2026 Abandonar muy a su pesar lo que ha sido su vida entera. Ellos daban seguridad al correcto uso de las ayudas de la Asociaci\u00f3n. Sin ellos, no existe la posibilidad de controlar dichos recursos. Es dif\u00edcil acometer proyectos que no est\u00e9n gestionados por personas que han dedicado sus vidas a los dem\u00e1s. Por eso ahora, se derivan las ayudas a proyectos que ya est\u00e1n gestionados. Y preferentemente, gestionados por misioneros, bien sean cl\u00e9rigos o laicos, pero consagrados a su misi\u00f3n. Si bien es cierto que viven la misma realidad: muchos de ellos no har\u00e1n los sesenta ya.<\/p>\n\n\n\n<p>No obstante, y sea lo que sea lo que el destino tenga a bien deparar a la querida Asociaci\u00f3n WAWITAI, el ideario es el mismo que cuando empez\u00f3 y, a estas alturas de la vida, una frase resume la historia de sus d\u00edas:<\/p>\n\n\n\n<p class=\"has-text-align-center has-ast-global-color-0-color has-text-color has-link-color has-medium-font-size wp-elements-a58e2603610bcc993346fad53531c3bb\"><strong><em>POR TODO LO QUE FUE\u2026 \u00a1GRACIAS!&nbsp; \u2013&nbsp;&nbsp;<\/em><\/strong><strong><em>A TODO LO QUE SERA\u2026 \u00a1S\u00cd!<\/em><\/strong><\/p>\n<\/div>\n<\/div><\/div>\n","protected":false},"excerpt":{"rendered":"<p>wAWITAI &#8211; Nuestra historia 1975 &#8211; El Embri\u00f3n&#8230; Fue en 1975\u2026 El destino quiere que un grupo de chic@s de [&hellip;]<\/p>\n","protected":false},"author":1,"featured_media":0,"parent":0,"menu_order":0,"comment_status":"closed","ping_status":"closed","template":"","meta":{"_uag_custom_page_level_css":"","site-sidebar-layout":"default","site-content-layout":"","ast-site-content-layout":"","site-content-style":"default","site-sidebar-style":"default","ast-global-header-display":"","ast-banner-title-visibility":"","ast-main-header-display":"","ast-hfb-above-header-display":"","ast-hfb-below-header-display":"","ast-hfb-mobile-header-display":"","site-post-title":"disabled","ast-breadcrumbs-content":"","ast-featured-img":"","footer-sml-layout":"","theme-transparent-header-meta":"","adv-header-id-meta":"","stick-header-meta":"","header-above-stick-meta":"","header-main-stick-meta":"","header-below-stick-meta":"","astra-migrate-meta-layouts":"default","ast-page-background-enabled":"default","ast-page-background-meta":{"desktop":{"background-color":"var(--ast-global-color-4)","background-image":"","background-repeat":"repeat","background-position":"center center","background-size":"auto","background-attachment":"scroll","background-type":"","background-media":"","overlay-type":"","overlay-color":"","overlay-gradient":""},"tablet":{"background-color":"","background-image":"","background-repeat":"repeat","background-position":"center center","background-size":"auto","background-attachment":"scroll","background-type":"","background-media":"","overlay-type":"","overlay-color":"","overlay-gradient":""},"mobile":{"background-color":"","background-image":"","background-repeat":"repeat","background-position":"center center","background-size":"auto","background-attachment":"scroll","background-type":"","background-media":"","overlay-type":"","overlay-color":"","overlay-gradient":""}},"ast-content-background-meta":{"desktop":{"background-color":"var(--ast-global-color-5)","background-image":"","background-repeat":"repeat","background-position":"center center","background-size":"auto","background-attachment":"scroll","background-type":"","background-media":"","overlay-type":"","overlay-color":"","overlay-gradient":""},"tablet":{"background-color":"var(--ast-global-color-5)","background-image":"","background-repeat":"repeat","background-position":"center center","background-size":"auto","background-attachment":"scroll","background-type":"","background-media":"","overlay-type":"","overlay-color":"","overlay-gradient":""},"mobile":{"background-color":"var(--ast-global-color-5)","background-image":"","background-repeat":"repeat","background-position":"center center","background-size":"auto","background-attachment":"scroll","background-type":"","background-media":"","overlay-type":"","overlay-color":"","overlay-gradient":""}},"footnotes":""},"class_list":["post-2","page","type-page","status-publish","hentry"],"uagb_featured_image_src":{"full":false,"thumbnail":false,"medium":false,"medium_large":false,"large":false,"1536x1536":false,"2048x2048":false},"uagb_author_info":{"display_name":"Wawitai","author_link":"https:\/\/asociacionwawitai.org\/?author=1"},"uagb_comment_info":0,"uagb_excerpt":"wAWITAI &#8211; Nuestra historia 1975 &#8211; El Embri\u00f3n&#8230; Fue en 1975\u2026 El destino quiere que un grupo de chic@s de [&hellip;]","_links":{"self":[{"href":"https:\/\/asociacionwawitai.org\/index.php?rest_route=\/wp\/v2\/pages\/2","targetHints":{"allow":["GET"]}}],"collection":[{"href":"https:\/\/asociacionwawitai.org\/index.php?rest_route=\/wp\/v2\/pages"}],"about":[{"href":"https:\/\/asociacionwawitai.org\/index.php?rest_route=\/wp\/v2\/types\/page"}],"author":[{"embeddable":true,"href":"https:\/\/asociacionwawitai.org\/index.php?rest_route=\/wp\/v2\/users\/1"}],"replies":[{"embeddable":true,"href":"https:\/\/asociacionwawitai.org\/index.php?rest_route=%2Fwp%2Fv2%2Fcomments&post=2"}],"version-history":[{"count":131,"href":"https:\/\/asociacionwawitai.org\/index.php?rest_route=\/wp\/v2\/pages\/2\/revisions"}],"predecessor-version":[{"id":3461,"href":"https:\/\/asociacionwawitai.org\/index.php?rest_route=\/wp\/v2\/pages\/2\/revisions\/3461"}],"wp:attachment":[{"href":"https:\/\/asociacionwawitai.org\/index.php?rest_route=%2Fwp%2Fv2%2Fmedia&parent=2"}],"curies":[{"name":"wp","href":"https:\/\/api.w.org\/{rel}","templated":true}]}}