{"id":20,"date":"2014-07-24T18:38:18","date_gmt":"2014-07-24T18:38:18","guid":{"rendered":"https:\/\/asociacionwawitai.org\/?page_id=20"},"modified":"2025-02-17T09:44:11","modified_gmt":"2025-02-17T08:44:11","slug":"boletines","status":"publish","type":"page","link":"https:\/\/asociacionwawitai.org\/?page_id=20","title":{"rendered":"CONSULTA BOLETINES Y ACTAS"},"content":{"rendered":"\n<div class=\"wp-block-uagb-container uagb-block-ad56ba49 alignfull uagb-is-root-container\"><div class=\"uagb-container-inner-blocks-wrap\">\n<div class=\"wp-block-uagb-advanced-heading uagb-block-89536b24\"><h1 class=\"uagb-heading-text\">Boletines y actas<\/h1><\/div>\n<\/div><\/div>\n\n\n\n<div class=\"wp-block-uagb-container uagb-block-2db29dd7 alignfull uagb-is-root-container\"><div class=\"uagb-container-inner-blocks-wrap\">\n<p class=\"has-text-align-center has-medium-font-size\">AQU\u00cd PUEDES VER NUESTROS BOLETINES ANUALES Y LAS ACTAS DE LAS ASAMBLEAS.<\/p>\n<\/div><\/div>\n\n\n\n<div class=\"wp-block-uagb-container uagb-block-05c41c40 alignfull uagb-is-root-container\"><div class=\"uagb-container-inner-blocks-wrap\">\n<div class=\"wp-block-uagb-container uagb-block-17dba5d2\">\n<div class=\"wp-block-uagb-advanced-heading uagb-block-2e763511\"><h2 class=\"uagb-heading-text\">Boletines anuales.<\/h2><p class=\"uagb-desc-text\">Todos los publicados.<\/p><\/div>\n\n\n\n<div class=\"wp-block-uagb-image alignleft uagb-block-b3009a8c wp-block-uagb-image--layout-default wp-block-uagb-image--effect-static wp-block-uagb-image--align-left\"><figure class=\"wp-block-uagb-image__figure\"><a class=\"\" href=\"https:\/\/asociacionwawitai.org\/wp-content\/uploads\/2024\/12\/241228_ImagenWebBoletines.jpg\" target=\"\" rel=\"noopener\"><img decoding=\"async\" srcset=\"https:\/\/asociacionwawitai.org\/wp-content\/uploads\/2024\/12\/241228_ImagenWebBoletines.jpg ,https:\/\/asociacionwawitai.org\/wp-content\/uploads\/2024\/12\/241228_ImagenWebBoletines.jpg 780w, https:\/\/asociacionwawitai.org\/wp-content\/uploads\/2024\/12\/241228_ImagenWebBoletines.jpg 360w\" sizes=\"auto, (max-width: 480px) 150px\" src=\"https:\/\/asociacionwawitai.org\/wp-content\/uploads\/2024\/12\/241228_ImagenWebBoletines.jpg\" alt=\"\" class=\"uag-image-3304\" width=\"1024\" height=\"901\" title=\"\" loading=\"lazy\" role=\"presentation\"\/><\/a><\/figure><\/div>\n\n\n\n<div class=\"wp-block-uagb-separator uagb-block-b536703b\"><div class=\"wp-block-uagb-separator__inner\" style=\"--my-background-image:\"><\/div><\/div>\n\n\n\n<p><a href=\"http:\/\/asociacionwawitai.org\/wp-content\/uploads\/2024\/12\/Boletin-2024_12-1.pdf\" target=\"_blank\" rel=\"noreferrer noopener\">2024 Bolet\u00edn Wawitai Diciembre<\/a><\/p>\n\n\n\n<p><a href=\"http:\/\/asociacionwawitai.org\/wp-content\/uploads\/2024\/01\/Bolet%C3%ADn-2023_12.pdf\" target=\"_blank\" rel=\"noreferrer noopener\">2023 Bolet\u00edn Wawitai Diciembre<\/a><\/p>\n\n\n\n<p><a href=\"http:\/\/asociacionwawitai.org\/wp-content\/uploads\/2024\/01\/Bolet%C3%ADn-2022_12.pdf\" target=\"_blank\" rel=\"noreferrer noopener\">2022 Bolet\u00edn Wawitai Diciembre<\/a><\/p>\n\n\n\n<p><a href=\"http:\/\/asociacionwawitai.org\/wp-content\/uploads\/2024\/01\/Bolet%C3%ADn-2021_12.pdf\" target=\"_blank\" rel=\"noreferrer noopener\">2021 Bolet\u00edn Wawitai Diciembre<\/a><\/p>\n\n\n\n<p><a href=\"http:\/\/asociacionwawitai.org\/wp-content\/uploads\/2024\/01\/Bolet%C3%ADn-2020_12.pdf\" target=\"_blank\" rel=\"noreferrer noopener\">2020 Bolet\u00edn Wawitai Diciembre<\/a><\/p>\n\n\n\n<p><a href=\"http:\/\/asociacionwawitai.org\/wp-content\/uploads\/2020\/02\/00_191212_Bolet%C3%ADn_A5_02.pdf\" target=\"_blank\" rel=\"noreferrer noopener\">2019 Bolet\u00edn Wawitai Diciembre<\/a><\/p>\n\n\n\n<p><a href=\"http:\/\/asociacionwawitai.org\/wp-content\/uploads\/2019\/03\/00_181211_Bolet%C3%ADn_A5_01.pdf\" target=\"_blank\" rel=\"noreferrer noopener\">2018 Bolet\u00edn Wawitai Diciembre<\/a><\/p>\n\n\n\n<p><a href=\"http:\/\/asociacionwawitai.org\/wp-content\/uploads\/2019\/03\/00_171211_Bolet%C3%ADn_A5_Web.pdf\" target=\"_blank\" rel=\"noreferrer noopener\">2017 Bolet\u00edn Wawitai Diciembre<\/a><\/p>\n\n\n\n<p><a href=\"http:\/\/asociacionwawitai.org\/wp-content\/uploads\/2019\/03\/00_161219_Bolet%C3%ADn_A5_Web.pdf\" target=\"_blank\" rel=\"noreferrer noopener\">2016 Bolet\u00edn Wawitai Diciembre<\/a><\/p>\n\n\n\n<p><a href=\"http:\/\/asociacionwawitai.org\/wp-content\/uploads\/2019\/03\/160328_BoletinWeb-2.pdf\" target=\"_blank\" rel=\"noreferrer noopener\">2016 Bolet\u00edn Wawitai Marzo<\/a><\/p>\n\n\n\n<p><a href=\"http:\/\/asociacionwawitai.org\/wp-content\/uploads\/2014\/07\/150918_BoletinWeb_A4_Web.pdf\" target=\"_blank\" rel=\"noreferrer noopener\">2015 Bolet\u00edn Wawitai Septiembre<\/a><\/p>\n\n\n\n<p><a href=\"http:\/\/asociacionwawitai.org\/wp-content\/uploads\/2014\/07\/141231_Boletin_A4.pdf\" target=\"_blank\" rel=\"noreferrer noopener\">2014 Bolet\u00edn Wawitai Diciembre<\/a><\/p>\n\n\n\n<p><a href=\"http:\/\/asociacionwawitai.org\/wp-content\/uploads\/2014\/07\/Boletin-Wawitai-julio-2014.pdf\" target=\"_blank\" rel=\"noreferrer noopener\">2014 Bolet\u00edn Wawitai Julio<\/a><\/p>\n\n\n\n<p><a href=\"http:\/\/asociacionwawitai.org\/wp-content\/uploads\/2014\/07\/Boletin-Wawitai-Diciembre-2013.pdf\" target=\"_blank\" rel=\"noreferrer noopener\">2013 Bolet\u00edn Wawitai Diciembre<\/a><\/p>\n\n\n\n<p><a href=\"http:\/\/asociacionwawitai.org\/wp-content\/uploads\/2014\/07\/Boletin-Wawitai-Junio-2013.pdf\" target=\"_blank\" rel=\"noreferrer noopener\">2013 Bolet\u00edn Wawitai Junio<\/a><\/p>\n\n\n\n<p><a href=\"http:\/\/asociacionwawitai.org\/wp-content\/uploads\/2014\/07\/Boletin-Wawitai-Enero-2013.pdf\" target=\"_blank\" rel=\"noreferrer noopener\">2013 Bolet\u00edn Wawitai Enero<\/a><\/p>\n\n\n\n<p><a href=\"http:\/\/asociacionwawitai.org\/wp-content\/uploads\/2014\/07\/Boletin-Wawitai-Octubre-2012.pdf\" target=\"_blank\" rel=\"noreferrer noopener\">2012 Bolet\u00edn Wawitai Octubre<\/a><\/p>\n\n\n\n<p><a href=\"http:\/\/asociacionwawitai.org\/wp-content\/uploads\/2014\/07\/Boletin-Wawitai-Junio-2012.pdf\" target=\"_blank\" rel=\"noreferrer noopener\">2012 Bolet\u00edn Wawitai Junio<\/a><\/p>\n\n\n\n<p><a href=\"http:\/\/asociacionwawitai.org\/wp-content\/uploads\/2014\/07\/Boletin-Wawitai-Marzo-2012.pdf\" target=\"_blank\" rel=\"noreferrer noopener\">2012 Bolet\u00edn Wawitai Marzo<\/a><\/p>\n\n\n\n<p><a href=\"http:\/\/asociacionwawitai.org\/wp-content\/uploads\/2024\/01\/Bolet%C3%ADn-Wawitai-Diciembre-2011.pdf\" target=\"_blank\" rel=\"noreferrer noopener\">2011 Bolet\u00edn Wawitai Diciembre<\/a><\/p>\n\n\n\n<p>De 2006 a 2010 no se edita ning\u00fan Bolet\u00edn<\/p>\n\n\n\n<p><a href=\"http:\/\/asociacionwawitai.org\/wp-content\/uploads\/2024\/02\/050601_Folleto.pdf\" target=\"_blank\" rel=\"noreferrer noopener\">2005 Bolet\u00edn Wawitai Junio<\/a><\/p>\n\n\n\n<p>Desde la Constituci\u00f3n hasta 2005 no se emiti\u00f3 ning\u00fan Bolet\u00edn Informativo.<\/p>\n<\/div>\n\n\n\n<div class=\"wp-block-uagb-container uagb-block-3644c4fb\">\n<div class=\"wp-block-uagb-advanced-heading uagb-block-104d37a4\"><h2 class=\"uagb-heading-text\"><strong>Actas asambleas<\/strong><\/h2><p class=\"uagb-desc-text\">Desde la \u00faltima y todas las celebradas\u2026<\/p><\/div>\n\n\n\n<div class=\"wp-block-uagb-image uagb-block-1f2309fb wp-block-uagb-image--layout-default wp-block-uagb-image--effect-static wp-block-uagb-image--align-none\"><figure class=\"wp-block-uagb-image__figure\"><a class=\"\" href=\"https:\/\/asociacionwawitai.org\/wp-content\/uploads\/2024\/02\/Depositphotos_102493274_XL.jpg\" target=\"\" rel=\"noopener\"><img decoding=\"async\" srcset=\"https:\/\/asociacionwawitai.org\/wp-content\/uploads\/2024\/02\/Depositphotos_102493274_XL-1024x493.jpg ,https:\/\/asociacionwawitai.org\/wp-content\/uploads\/2024\/02\/Depositphotos_102493274_XL.jpg 780w, https:\/\/asociacionwawitai.org\/wp-content\/uploads\/2024\/02\/Depositphotos_102493274_XL.jpg 360w\" sizes=\"auto, (max-width: 480px) 150px\" src=\"https:\/\/asociacionwawitai.org\/wp-content\/uploads\/2024\/02\/Depositphotos_102493274_XL-1024x493.jpg\" alt=\"\" class=\"uag-image-2291\" width=\"1024\" height=\"493\" title=\"People Audience Diversity Group Presentation Concept\" loading=\"lazy\" role=\"img\"\/><\/a><\/figure><\/div>\n\n\n\n<div class=\"wp-block-uagb-separator uagb-block-63b082a3\"><div class=\"wp-block-uagb-separator__inner\" style=\"--my-background-image:\"><\/div><\/div>\n\n\n\n<p><a href=\"http:\/\/asociacionwawitai.org\/wp-content\/uploads\/2025\/02\/250117_ACTA_ASAMBLEA_ORDINARIA.pdf\" target=\"_blank\" rel=\"noreferrer noopener\">2025 ASAMBLEA GENERAL ORDINARIA enero ACTA<\/a><\/p>\n\n\n\n<p><a href=\"http:\/\/asociacionwawitai.org\/wp-content\/uploads\/2024\/02\/240126_ACTA_ASAMBLEA_ORDINARIA.pdf\" target=\"_blank\" rel=\"noreferrer noopener\">2024 ASAMBLEA GENERAL ORDINARIA&nbsp; enero ACTA<\/a><\/p>\n\n\n\n<p><a href=\"http:\/\/asociacionwawitai.org\/wp-content\/uploads\/2024\/02\/20230127_ACTA_GENERAL_ORDINARIA.pdf\" target=\"_blank\" rel=\"noreferrer noopener\">2023 ASAMBLEA GENERAL ORDINARIA&nbsp; enero ACTA<\/a><\/p>\n\n\n\n<p>2022 NO SE CELEBRA DEBIDO AL COVID<\/p>\n\n\n\n<p>2021 NO SE CELEBRA DEBIDO LA COVID<\/p>\n\n\n\n<p><a href=\"http:\/\/asociacionwawitai.org\/wp-content\/uploads\/2024\/02\/20200116_ACTA_GENERAL_EXTRAORDINARIA.pdf\" target=\"_blank\" rel=\"noreferrer noopener\">2020 ASAMBLEA GENERAL ORDINARIA&nbsp; enero ACTA<\/a><\/p>\n\n\n\n<p><a href=\"http:\/\/asociacionwawitai.org\/wp-content\/uploads\/2024\/02\/20191212_ACTA_GENERAL_ORDINARIA.pdf\" target=\"_blank\" rel=\"noreferrer noopener\">2019 ASAMBLEA GENERAL ORDINARIA&nbsp; diciembre ACTA<\/a><\/p>\n\n\n\n<p><a href=\"http:\/\/asociacionwawitai.org\/wp-content\/uploads\/2019\/03\/ACTA-ASAMBLEA-GENERAL-ORDINARIA-diciembre-2018.doc\" target=\"_blank\" rel=\"noreferrer noopener\">2018 ASAMBLEA GENERAL ORDINARIA diciembre ACTA<\/a><\/p>\n\n\n\n<p><a href=\"http:\/\/asociacionwawitai.org\/wp-content\/uploads\/2019\/03\/ACTA-ASAMBLEA-GENERAL-ORDINARIA-enero-2018.doc\" target=\"_blank\" rel=\"noreferrer noopener\">2018 ASAMBLEA GENERAL ORDINARIA enero ACTA<\/a><\/p>\n\n\n\n<p><a href=\"http:\/\/asociacionwawitai.org\/wp-content\/uploads\/2019\/03\/ACTA-ASAMBLEA-GENERAL-ORDINARIA-diciembre-2016.doc\" target=\"_blank\" rel=\"noreferrer noopener\">2016 ASAMBLEA GENERAL ORDINARIA diciembre ACTA<\/a><\/p>\n\n\n\n<p><a href=\"http:\/\/asociacionwawitai.org\/wp-content\/uploads\/2019\/03\/ACTA-ASAMBLEA-GENERAL-ORDINARIA-diciembre-2015.doc\" target=\"_blank\" rel=\"noreferrer noopener\">2015 ACTA ASAMBLEA GENERAL ORDINARIA diciembre ACTA<\/a><\/p>\n\n\n\n<p><a href=\"http:\/\/asociacionwawitai.org\/wp-content\/uploads\/2014\/09\/ACTA-ASAMBLEA-GENERAL-ORDINARIA-diciembre-2014.doc\" target=\"_blank\" rel=\"noreferrer noopener\">2014 ASAMBLEA GENERAL ORDINARIA diciembre ACTA<\/a><\/p>\n\n\n\n<p><a href=\"http:\/\/asociacionwawitai.org\/wp-content\/uploads\/2014\/09\/ACTA-ASAMBLEA-GENERAL-EXTRAORDINARIA-marzo-2013.doc\" target=\"_blank\" rel=\"noreferrer noopener\">2013 ASAMBLEA GENERAL EXTRAORDINARIA marzo ACTA&nbsp;<\/a>&nbsp;<\/p>\n\n\n\n<p><a href=\"http:\/\/asociacionwawitai.org\/wp-content\/uploads\/2014\/09\/ACTA-ASAMBLEA-GENERAL-EXTRAORDINARIA-marzo-2013-PODERES.doc\" target=\"_blank\" rel=\"noreferrer noopener\">2013 ASAMBLEA GENERAL EXTRAORDINARIA marzo PODERES<\/a><\/p>\n\n\n\n<p><a href=\"http:\/\/asociacionwawitai.org\/wp-content\/uploads\/2014\/09\/ACTA-ASAMBLEA-GENERAL-ORDINARIA-diciembre-2012.doc\" target=\"_blank\" rel=\"noreferrer noopener\">2012 ASAMBLEA GENERAL ORDINARIA diciembre&nbsp;<\/a><a href=\"http:\/\/asociacionwawitai.org\/wp-content\/uploads\/2014\/09\/ACTA-ASAMBLEA-GENERAL-EXTRAORDINARIA-marzo-2013.doc\">ACTA<\/a><\/p>\n\n\n\n<p><a href=\"http:\/\/asociacionwawitai.org\/wp-content\/uploads\/2014\/09\/ACTA-ASAMBLEA-GENERAL-EXTRAORDINARIA-JUNIO-2011.doc\" target=\"_blank\" rel=\"noreferrer noopener\">2011 ASAMBLEA GENERAL EXTRAORDINARIA junio&nbsp;<\/a><a href=\"http:\/\/asociacionwawitai.org\/wp-content\/uploads\/2014\/09\/ACTA-ASAMBLEA-GENERAL-ORDINARIA-diciembre-2012.doc\">ACTA<\/a><\/p>\n\n\n\n<p><a href=\"http:\/\/asociacionwawitai.org\/wp-content\/uploads\/2014\/09\/ACTA-ASAMBLEA-GENERAL-ORDINARIA-marzo-2011.doc\" target=\"_blank\" rel=\"noreferrer noopener\">2011 ASAMBLEA GENERAL ORDINARIA marzo&nbsp;<\/a><a href=\"http:\/\/asociacionwawitai.org\/wp-content\/uploads\/2014\/09\/ACTA-ASAMBLEA-GENERAL-EXTRAORDINARIA-JUNIO-2011.doc\">ACTA<\/a><\/p>\n\n\n\n<p><a href=\"http:\/\/asociacionwawitai.org\/wp-content\/uploads\/2024\/02\/20020628_ACTA_ASAMBLEA_Mem.2001_Ppto.2002.pdf\" target=\"_blank\" rel=\"noreferrer noopener\">2002 ASAMBLEA GENERAL ORDINARIA junio ACTA<\/a><\/p>\n\n\n\n<p><a href=\"http:\/\/asociacionwawitai.org\/wp-content\/uploads\/2024\/02\/20010622_ACTA_ASAMBLEA.pdf\" target=\"_blank\" rel=\"noreferrer noopener\">2001ASAMBLEA GENERAL ORDINARIA junio ACTA<\/a><\/p>\n\n\n\n<p><a href=\"http:\/\/asociacionwawitai.org\/wp-content\/uploads\/2024\/02\/20001124_ACTA_ASAMBLEA_EXTRAORDINARIA.pdf\" target=\"_blank\" rel=\"noreferrer noopener\">2000 ASAMBLEA GENERAL EXTRAORDINARIA junio ACTA<\/a><\/p>\n\n\n\n<p><a href=\"http:\/\/asociacionwawitai.org\/wp-content\/uploads\/2024\/02\/19990326_ACTA_ASAMBLEA.pdf\" target=\"_blank\" rel=\"noreferrer noopener\">1999 ASAMBLEA GENERAL ORDINARIA junio ACTA<\/a><\/p>\n\n\n\n<p><a href=\"http:\/\/asociacionwawitai.org\/wp-content\/uploads\/2024\/02\/19980606_ACTA_ASAMBLEA.pdf\" target=\"_blank\" rel=\"noreferrer noopener\">1998 ASAMBLEA GENERAL ORDINARIA junio ACTA<\/a><\/p>\n\n\n\n<p><a href=\"http:\/\/asociacionwawitai.org\/wp-content\/uploads\/2024\/02\/19980531_ACTA_ASAMBLEA.pdf\" target=\"_blank\" rel=\"noreferrer noopener\">1998 ASAMBLEA GENERAL ORDINARIA mayo ACTA<\/a><\/p>\n\n\n\n<p><a href=\"http:\/\/asociacionwawitai.org\/wp-content\/uploads\/2024\/02\/19971031_ACTA_ASAMBLEA_CONSTITUYENTE.pdf\" target=\"_blank\" rel=\"noreferrer noopener\">1997 ASAMBLEA CONSTITUYENTE enero&nbsp; ACTA<\/a><\/p>\n\n\n\n<p><a href=\"http:\/\/asociacionwawitai.org\/wp-content\/uploads\/2024\/02\/19971017_ACTA_ASAMBLEA_ESTATUTOS.pdf\" target=\"_blank\" rel=\"noreferrer noopener\">1997 ASAMBLEA FUNDACIONAL octubre_ACTA<\/a><\/p>\n\n\n\n<p><a href=\"http:\/\/asociacionwawitai.org\/wp-content\/uploads\/2024\/02\/19971017_ACTA_ASAMBLEA_CONSTITUYENTE.pdf\" target=\"_blank\" rel=\"noreferrer noopener\">1997 ASAMBLEA CONSTITUYENTE 0ctubre ACTA<\/a><\/p>\n<\/div>\n<\/div><\/div>\n\n\n\n<p><\/p>\n","protected":false},"excerpt":{"rendered":"<p>Boletines y actas AQU\u00cd PUEDES VER NUESTROS BOLETINES ANUALES Y LAS ACTAS DE LAS ASAMBLEAS. Boletines anuales. Todos los publicados. [&hellip;]<\/p>\n","protected":false},"author":1,"featured_media":0,"parent":0,"menu_order":0,"comment_status":"closed","ping_status":"open","template":"","meta":{"_uag_custom_page_level_css":"","site-sidebar-layout":"default","site-content-layout":"","ast-site-content-layout":"","site-content-style":"default","site-sidebar-style":"default","ast-global-header-display":"","ast-banner-title-visibility":"","ast-main-header-display":"","ast-hfb-above-header-display":"","ast-hfb-below-header-display":"","ast-hfb-mobile-header-display":"","site-post-title":"","ast-breadcrumbs-content":"","ast-featured-img":"","footer-sml-layout":"","theme-transparent-header-meta":"","adv-header-id-meta":"","stick-header-meta":"","header-above-stick-meta":"","header-main-stick-meta":"","header-below-stick-meta":"","astra-migrate-meta-layouts":"default","ast-page-background-enabled":"default","ast-page-background-meta":{"desktop":{"background-color":"var(--ast-global-color-4)","background-image":"","background-repeat":"repeat","background-position":"center center","background-size":"auto","background-attachment":"scroll","background-type":"","background-media":"","overlay-type":"","overlay-color":"","overlay-gradient":""},"tablet":{"background-color":"","background-image":"","background-repeat":"repeat","background-position":"center center","background-size":"auto","background-attachment":"scroll","background-type":"","background-media":"","overlay-type":"","overlay-color":"","overlay-gradient":""},"mobile":{"background-color":"","background-image":"","background-repeat":"repeat","background-position":"center center","background-size":"auto","background-attachment":"scroll","background-type":"","background-media":"","overlay-type":"","overlay-color":"","overlay-gradient":""}},"ast-content-background-meta":{"desktop":{"background-color":"var(--ast-global-color-5)","background-image":"","background-repeat":"repeat","background-position":"center center","background-size":"auto","background-attachment":"scroll","background-type":"","background-media":"","overlay-type":"","overlay-color":"","overlay-gradient":""},"tablet":{"background-color":"var(--ast-global-color-5)","background-image":"","background-repeat":"repeat","background-position":"center center","background-size":"auto","background-attachment":"scroll","background-type":"","background-media":"","overlay-type":"","overlay-color":"","overlay-gradient":""},"mobile":{"background-color":"var(--ast-global-color-5)","background-image":"","background-repeat":"repeat","background-position":"center center","background-size":"auto","background-attachment":"scroll","background-type":"","background-media":"","overlay-type":"","overlay-color":"","overlay-gradient":""}},"footnotes":""},"class_list":["post-20","page","type-page","status-publish","hentry"],"uagb_featured_image_src":{"full":false,"thumbnail":false,"medium":false,"medium_large":false,"large":false,"1536x1536":false,"2048x2048":false},"uagb_author_info":{"display_name":"Wawitai","author_link":"https:\/\/asociacionwawitai.org\/?author=1"},"uagb_comment_info":0,"uagb_excerpt":"Boletines y actas AQU\u00cd PUEDES VER NUESTROS BOLETINES ANUALES Y LAS ACTAS DE LAS ASAMBLEAS. Boletines anuales. Todos los publicados. [&hellip;]","_links":{"self":[{"href":"https:\/\/asociacionwawitai.org\/index.php?rest_route=\/wp\/v2\/pages\/20","targetHints":{"allow":["GET"]}}],"collection":[{"href":"https:\/\/asociacionwawitai.org\/index.php?rest_route=\/wp\/v2\/pages"}],"about":[{"href":"https:\/\/asociacionwawitai.org\/index.php?rest_route=\/wp\/v2\/types\/page"}],"author":[{"embeddable":true,"href":"https:\/\/asociacionwawitai.org\/index.php?rest_route=\/wp\/v2\/users\/1"}],"replies":[{"embeddable":true,"href":"https:\/\/asociacionwawitai.org\/index.php?rest_route=%2Fwp%2Fv2%2Fcomments&post=20"}],"version-history":[{"count":79,"href":"https:\/\/asociacionwawitai.org\/index.php?rest_route=\/wp\/v2\/pages\/20\/revisions"}],"predecessor-version":[{"id":3539,"href":"https:\/\/asociacionwawitai.org\/index.php?rest_route=\/wp\/v2\/pages\/20\/revisions\/3539"}],"wp:attachment":[{"href":"https:\/\/asociacionwawitai.org\/index.php?rest_route=%2Fwp%2Fv2%2Fmedia&parent=20"}],"curies":[{"name":"wp","href":"https:\/\/api.w.org\/{rel}","templated":true}]}}