{"id":2087,"date":"2024-02-07T15:54:24","date_gmt":"2024-02-07T14:54:24","guid":{"rendered":"https:\/\/asociacionwawitai.org\/?page_id=2087"},"modified":"2025-11-13T21:10:09","modified_gmt":"2025-11-13T20:10:09","slug":"proyectos-vivos","status":"publish","type":"page","link":"https:\/\/asociacionwawitai.org\/?page_id=2087","title":{"rendered":"PROYECTOS ACTUALES"},"content":{"rendered":"\n<div class=\"wp-block-uagb-container uagb-block-ad56ba49 alignfull uagb-is-root-container\"><div class=\"uagb-container-inner-blocks-wrap\">\n<div class=\"wp-block-uagb-advanced-heading uagb-block-89536b24\"><h1 class=\"uagb-heading-text\"> Proyectos  en curso&#8230;<\/h1><\/div>\n<\/div><\/div>\n\n\n\n<div class=\"wp-block-group is-content-justification-center is-layout-constrained wp-block-group-is-layout-constrained wp-container-4 is-position-sticky\">\n<div class=\"wp-block-group is-layout-grid wp-container-core-group-is-layout-1 wp-block-group-is-layout-grid\">\n<div class=\"wp-block-uagb-container uagb-block-2db29dd7 alignwide uagb-is-root-container\">\n<p class=\"has-ast-global-color-0-color has-text-color has-link-color has-medium-font-size wp-elements-924425b9c0c15667452eb00efc5f750e\"><strong>LILONGWE &#8211; MALAWI<\/strong><\/p>\n\n\n\n<p class=\"has-ast-global-color-0-color has-text-color has-link-color has-small-font-size wp-elements-868314174fac313c51a32aa0eb662c44\"><strong>PROGRAMA DE BECAS PARA CHIC@S HU\u00c9RFAN@S O CARENTES DE RECURSOS.<\/strong><\/p>\n\n\n\n<div class=\"wp-block-columns is-layout-flex wp-container-core-columns-is-layout-1 wp-block-columns-is-layout-flex\">\n<div class=\"wp-block-column is-layout-flow wp-block-column-is-layout-flow\" style=\"flex-basis:100%\">\n<div class=\"wp-block-buttons alignwide is-content-justification-left is-layout-flex wp-container-core-buttons-is-layout-1 wp-block-buttons-is-layout-flex\">\n<div class=\"wp-block-button is-style-fill\"><a class=\"wp-block-button__link wp-element-button\" href=\"https:\/\/asociacionwawitai.org\/?page_id=2957\" target=\"_blank\" rel=\"noreferrer noopener\"><strong>VER <\/strong>  <\/a><\/div>\n\n\n\n<div class=\"wp-block-button is-style-fill\"><a class=\"wp-block-button__link has-ast-global-color-1-background-color has-background wp-element-button\" href=\"https:\/\/asociacionwawitai.org\/?page_id=2957\" target=\"_blank\" rel=\"noreferrer noopener\"><strong>DESCARGAR  <\/strong><\/a><\/div>\n\n\n\n<div class=\"wp-block-button is-style-fill\"><a class=\"wp-block-button__link has-vivid-cyan-blue-background-color has-background wp-element-button\" href=\"https:\/\/asociacionwawitai.org\/?page_id=2957\" target=\"_blank\" rel=\"noreferrer noopener\"><strong>KUGAWANA   <\/strong><\/a><\/div>\n<\/div>\n<\/div>\n<\/div>\n\n\n\n<figure class=\"wp-block-gallery alignwide has-nested-images columns-default is-cropped wp-block-gallery-1 is-layout-flex wp-block-gallery-is-layout-flex\">\n<figure class=\"wp-block-image size-large\"><img loading=\"lazy\" decoding=\"async\" width=\"691\" height=\"310\" src=\"http:\/\/asociacionwawitai.org\/wp-content\/uploads\/2025\/01\/Kugawana.jpg\" alt=\"\" class=\"wp-image-3483\" srcset=\"https:\/\/asociacionwawitai.org\/wp-content\/uploads\/2025\/01\/Kugawana.jpg 691w, https:\/\/asociacionwawitai.org\/wp-content\/uploads\/2025\/01\/Kugawana-300x135.jpg 300w\" sizes=\"auto, (max-width: 691px) 100vw, 691px\" \/><\/figure>\n\n\n\n<figure class=\"wp-block-image size-large\"><img loading=\"lazy\" decoding=\"async\" width=\"886\" height=\"670\" src=\"http:\/\/asociacionwawitai.org\/wp-content\/uploads\/2025\/01\/Web_250105_MapaMalawi.jpg\" alt=\"\" class=\"wp-image-3488\" srcset=\"https:\/\/asociacionwawitai.org\/wp-content\/uploads\/2025\/01\/Web_250105_MapaMalawi.jpg 886w, https:\/\/asociacionwawitai.org\/wp-content\/uploads\/2025\/01\/Web_250105_MapaMalawi-300x227.jpg 300w, https:\/\/asociacionwawitai.org\/wp-content\/uploads\/2025\/01\/Web_250105_MapaMalawi-768x581.jpg 768w\" sizes=\"auto, (max-width: 886px) 100vw, 886px\" \/><\/figure>\n<\/figure>\n<\/div>\n\n\n\n<div class=\"wp-block-uagb-container uagb-block-fd56eff3 alignwide uagb-is-root-container\">\n<p class=\"has-ast-global-color-0-color has-text-color has-link-color has-medium-font-size wp-elements-085b14c62a64b95702a817770c3531b2\"><strong>ABOBO &#8211; ETIOP\u00cdA<\/strong><\/p>\n\n\n\n<p class=\"has-ast-global-color-0-color has-text-color has-link-color has-small-font-size wp-elements-f8fa0694714eddb0261a09c2d0d95a58\"><strong>PROGRAMA DE AYUDA PARA NUTRICI\u00d3N Y EDUCACI\u00d3N A NI\u00d1@S Y J\u00d3VENES&#8230;<\/strong><\/p>\n\n\n\n<div class=\"wp-block-columns is-layout-flex wp-container-core-columns-is-layout-2 wp-block-columns-is-layout-flex\">\n<div class=\"wp-block-column is-layout-flow wp-block-column-is-layout-flow\" style=\"flex-basis:100%\">\n<div class=\"wp-block-buttons alignwide is-content-justification-left is-layout-flex wp-container-core-buttons-is-layout-2 wp-block-buttons-is-layout-flex\">\n<div class=\"wp-block-button is-style-fill\"><a class=\"wp-block-button__link wp-element-button\" href=\"https:\/\/asociacionwawitai.org\/?p=3377\" target=\"_blank\" rel=\"noreferrer noopener\"><strong>VER <\/strong>  <\/a><\/div>\n\n\n\n<div class=\"wp-block-button is-style-fill\"><a class=\"wp-block-button__link has-ast-global-color-1-background-color has-background wp-element-button\" href=\"http:\/\/asociacionwawitai.org\/wp-content\/uploads\/2024\/12\/241230_ABOBO_HistoriaCentroJuvenil.pdf\" target=\"_blank\" rel=\"noreferrer noopener\"><strong>DESCARGAR  <\/strong><\/a><\/div>\n\n\n\n<div class=\"wp-block-button is-style-fill\"><a class=\"wp-block-button__link has-vivid-cyan-blue-background-color has-background wp-element-button\" href=\"https:\/\/asociacionwawitai.org\/?p=3377\" target=\"_blank\" rel=\"noreferrer noopener\"><strong>ENLACE<\/strong><\/a><\/div>\n<\/div>\n<\/div>\n<\/div>\n\n\n\n<figure class=\"wp-block-gallery alignwide has-nested-images columns-default is-cropped wp-block-gallery-2 is-layout-flex wp-block-gallery-is-layout-flex\">\n<figure class=\"wp-block-image size-full\"><img loading=\"lazy\" decoding=\"async\" width=\"795\" height=\"491\" src=\"https:\/\/asociacionwawitai.org\/wp-content\/uploads\/2024\/12\/DeNuestraWeb_abobo2.jpg\" alt=\"\" class=\"wp-image-3399\" srcset=\"https:\/\/asociacionwawitai.org\/wp-content\/uploads\/2024\/12\/DeNuestraWeb_abobo2.jpg 795w, https:\/\/asociacionwawitai.org\/wp-content\/uploads\/2024\/12\/DeNuestraWeb_abobo2-300x185.jpg 300w, https:\/\/asociacionwawitai.org\/wp-content\/uploads\/2024\/12\/DeNuestraWeb_abobo2-768x474.jpg 768w\" sizes=\"auto, (max-width: 795px) 100vw, 795px\" \/><\/figure>\n\n\n\n<figure class=\"wp-block-image size-large\"><a href=\"https:\/\/asociacionwawitai.org\/wp-content\/uploads\/2025\/01\/Web.250105_MapaAbobo.jpg\" rel=\"https:\/\/asociacionwawitai.org\/?p=3377\"><img loading=\"lazy\" decoding=\"async\" width=\"886\" height=\"670\" src=\"https:\/\/asociacionwawitai.org\/wp-content\/uploads\/2025\/01\/Web.250105_MapaAbobo.jpg\" alt=\"\" class=\"wp-image-3487\" srcset=\"https:\/\/asociacionwawitai.org\/wp-content\/uploads\/2025\/01\/Web.250105_MapaAbobo.jpg 886w, https:\/\/asociacionwawitai.org\/wp-content\/uploads\/2025\/01\/Web.250105_MapaAbobo-300x227.jpg 300w, https:\/\/asociacionwawitai.org\/wp-content\/uploads\/2025\/01\/Web.250105_MapaAbobo-768x581.jpg 768w\" sizes=\"auto, (max-width: 886px) 100vw, 886px\" \/><\/a><\/figure>\n<\/figure>\n<\/div>\n\n\n\n<div class=\"wp-block-uagb-container uagb-block-08786d84 alignwide uagb-is-root-container\">\n<p class=\"has-ast-global-color-0-color has-text-color has-link-color has-medium-font-size wp-elements-924425b9c0c15667452eb00efc5f750e\"><strong>LILONGWE &#8211; MALAWI<\/strong><\/p>\n\n\n\n<p class=\"has-ast-global-color-0-color has-text-color has-link-color has-small-font-size wp-elements-dab833a368f508a71b23c867872bf665\"><strong>PROGRAMA DE AYUDA A LA ASOCIACI\u00d3N \u00abMALAWI SALUD\u00bb <em>    <\/em>  <\/strong><\/p>\n\n\n\n<div class=\"wp-block-columns is-layout-flex wp-container-core-columns-is-layout-3 wp-block-columns-is-layout-flex\">\n<div class=\"wp-block-column is-layout-flow wp-block-column-is-layout-flow\" style=\"flex-basis:100%\">\n<div class=\"wp-block-buttons alignwide is-content-justification-left is-layout-flex wp-container-core-buttons-is-layout-3 wp-block-buttons-is-layout-flex\">\n<div class=\"wp-block-button is-style-fill\"><a class=\"wp-block-button__link wp-element-button\" href=\"https:\/\/asociacionwawitai.org\/?page_id=2955\" target=\"_blank\" rel=\"noreferrer noopener\"><strong>VER <\/strong>  <\/a><\/div>\n\n\n\n<div class=\"wp-block-button is-style-fill\"><a class=\"wp-block-button__link has-ast-global-color-1-background-color has-background wp-element-button\" href=\"https:\/\/asociacionwawitai.org\/?page_id=2955\" target=\"_blank\" rel=\"noreferrer noopener\"><strong>DESCARGAR  <\/strong><\/a><\/div>\n\n\n\n<div class=\"wp-block-button is-style-fill\"><a class=\"wp-block-button__link has-vivid-cyan-blue-background-color has-background wp-element-button\" href=\"https:\/\/asociacionwawitai.org\/?page_id=2955\" target=\"_blank\" rel=\"noreferrer noopener\"><strong>ENLACE<\/strong><\/a><\/div>\n<\/div>\n<\/div>\n<\/div>\n\n\n\n<figure class=\"wp-block-gallery alignwide has-nested-images columns-default is-cropped wp-block-gallery-3 is-layout-flex wp-block-gallery-is-layout-flex\">\n<figure class=\"wp-block-image size-large\"><img loading=\"lazy\" decoding=\"async\" width=\"1024\" height=\"768\" src=\"https:\/\/asociacionwawitai.org\/wp-content\/uploads\/2024\/02\/2023_Neonatos_02-1024x768.jpg\" alt=\"\" class=\"wp-image-2668\" srcset=\"https:\/\/asociacionwawitai.org\/wp-content\/uploads\/2024\/02\/2023_Neonatos_02-1024x768.jpg 1024w, https:\/\/asociacionwawitai.org\/wp-content\/uploads\/2024\/02\/2023_Neonatos_02-300x225.jpg 300w, https:\/\/asociacionwawitai.org\/wp-content\/uploads\/2024\/02\/2023_Neonatos_02-768x576.jpg 768w, https:\/\/asociacionwawitai.org\/wp-content\/uploads\/2024\/02\/2023_Neonatos_02-1x1.jpg 1w\" sizes=\"auto, (max-width: 1024px) 100vw, 1024px\" \/><figcaption class=\"wp-element-caption\">Neonatos<\/figcaption><\/figure>\n\n\n\n<figure class=\"wp-block-image size-large\"><img loading=\"lazy\" decoding=\"async\" width=\"886\" height=\"670\" src=\"http:\/\/asociacionwawitai.org\/wp-content\/uploads\/2025\/01\/Web_250105_MapaMalawi.jpg\" alt=\"\" class=\"wp-image-3488\" srcset=\"https:\/\/asociacionwawitai.org\/wp-content\/uploads\/2025\/01\/Web_250105_MapaMalawi.jpg 886w, https:\/\/asociacionwawitai.org\/wp-content\/uploads\/2025\/01\/Web_250105_MapaMalawi-300x227.jpg 300w, https:\/\/asociacionwawitai.org\/wp-content\/uploads\/2025\/01\/Web_250105_MapaMalawi-768x581.jpg 768w\" sizes=\"auto, (max-width: 886px) 100vw, 886px\" \/><\/figure>\n<\/figure>\n<\/div>\n<\/div>\n<\/div>\n\n\n\n<p><\/p>\n","protected":false},"excerpt":{"rendered":"<p>A continuaci\u00f3n, presentamos un listado de los proyectos en los que estamos trabajando actualmente.<\/p>\n","protected":false},"author":4,"featured_media":2810,"parent":61,"menu_order":0,"comment_status":"open","ping_status":"closed","template":"","meta":{"_uag_custom_page_level_css":"","site-sidebar-layout":"default","site-content-layout":"","ast-site-content-layout":"","site-content-style":"default","site-sidebar-style":"default","ast-global-header-display":"","ast-banner-title-visibility":"","ast-main-header-display":"","ast-hfb-above-header-display":"","ast-hfb-below-header-display":"","ast-hfb-mobile-header-display":"","site-post-title":"disabled","ast-breadcrumbs-content":"","ast-featured-img":"","footer-sml-layout":"","theme-transparent-header-meta":"","adv-header-id-meta":"","stick-header-meta":"","header-above-stick-meta":"","header-main-stick-meta":"","header-below-stick-meta":"","astra-migrate-meta-layouts":"default","ast-page-background-enabled":"default","ast-page-background-meta":{"desktop":{"background-color":"var(--ast-global-color-4)","background-image":"","background-repeat":"repeat","background-position":"center center","background-size":"auto","background-attachment":"scroll","background-type":"","background-media":"","overlay-type":"","overlay-color":"","overlay-gradient":""},"tablet":{"background-color":"","background-image":"","background-repeat":"repeat","background-position":"center center","background-size":"auto","background-attachment":"scroll","background-type":"","background-media":"","overlay-type":"","overlay-color":"","overlay-gradient":""},"mobile":{"background-color":"","background-image":"","background-repeat":"repeat","background-position":"center center","background-size":"auto","background-attachment":"scroll","background-type":"","background-media":"","overlay-type":"","overlay-color":"","overlay-gradient":""}},"ast-content-background-meta":{"desktop":{"background-color":"var(--ast-global-color-5)","background-image":"","background-repeat":"repeat","background-position":"center center","background-size":"auto","background-attachment":"scroll","background-type":"","background-media":"","overlay-type":"","overlay-color":"","overlay-gradient":""},"tablet":{"background-color":"var(--ast-global-color-5)","background-image":"","background-repeat":"repeat","background-position":"center center","background-size":"auto","background-attachment":"scroll","background-type":"","background-media":"","overlay-type":"","overlay-color":"","overlay-gradient":""},"mobile":{"background-color":"var(--ast-global-color-5)","background-image":"","background-repeat":"repeat","background-position":"center center","background-size":"auto","background-attachment":"scroll","background-type":"","background-media":"","overlay-type":"","overlay-color":"","overlay-gradient":""}},"footnotes":""},"class_list":["post-2087","page","type-page","status-publish","has-post-thumbnail","hentry"],"uagb_featured_image_src":{"full":["https:\/\/asociacionwawitai.org\/wp-content\/uploads\/2024\/02\/2022_NI\u00f1asCalle_01.jpg",2362,1772,false],"thumbnail":["https:\/\/asociacionwawitai.org\/wp-content\/uploads\/2024\/02\/2022_NI\u00f1asCalle_01-150x150.jpg",150,150,true],"medium":["https:\/\/asociacionwawitai.org\/wp-content\/uploads\/2024\/02\/2022_NI\u00f1asCalle_01-300x225.jpg",300,225,true],"medium_large":["https:\/\/asociacionwawitai.org\/wp-content\/uploads\/2024\/02\/2022_NI\u00f1asCalle_01-768x576.jpg",768,576,true],"large":["https:\/\/asociacionwawitai.org\/wp-content\/uploads\/2024\/02\/2022_NI\u00f1asCalle_01-1024x768.jpg",1024,768,true],"1536x1536":["https:\/\/asociacionwawitai.org\/wp-content\/uploads\/2024\/02\/2022_NI\u00f1asCalle_01.jpg",1536,1152,false],"2048x2048":["https:\/\/asociacionwawitai.org\/wp-content\/uploads\/2024\/02\/2022_NI\u00f1asCalle_01.jpg",2048,1536,false]},"uagb_author_info":{"display_name":"Giovanni","author_link":"https:\/\/asociacionwawitai.org\/?author=4"},"uagb_comment_info":0,"uagb_excerpt":"A continuaci\u00f3n, presentamos un listado de los proyectos en los que estamos trabajando actualmente.","_links":{"self":[{"href":"https:\/\/asociacionwawitai.org\/index.php?rest_route=\/wp\/v2\/pages\/2087","targetHints":{"allow":["GET"]}}],"collection":[{"href":"https:\/\/asociacionwawitai.org\/index.php?rest_route=\/wp\/v2\/pages"}],"about":[{"href":"https:\/\/asociacionwawitai.org\/index.php?rest_route=\/wp\/v2\/types\/page"}],"author":[{"embeddable":true,"href":"https:\/\/asociacionwawitai.org\/index.php?rest_route=\/wp\/v2\/users\/4"}],"replies":[{"embeddable":true,"href":"https:\/\/asociacionwawitai.org\/index.php?rest_route=%2Fwp%2Fv2%2Fcomments&post=2087"}],"version-history":[{"count":91,"href":"https:\/\/asociacionwawitai.org\/index.php?rest_route=\/wp\/v2\/pages\/2087\/revisions"}],"predecessor-version":[{"id":3579,"href":"https:\/\/asociacionwawitai.org\/index.php?rest_route=\/wp\/v2\/pages\/2087\/revisions\/3579"}],"up":[{"embeddable":true,"href":"https:\/\/asociacionwawitai.org\/index.php?rest_route=\/wp\/v2\/pages\/61"}],"wp:featuredmedia":[{"embeddable":true,"href":"https:\/\/asociacionwawitai.org\/index.php?rest_route=\/wp\/v2\/media\/2810"}],"wp:attachment":[{"href":"https:\/\/asociacionwawitai.org\/index.php?rest_route=%2Fwp%2Fv2%2Fmedia&parent=2087"}],"curies":[{"name":"wp","href":"https:\/\/api.w.org\/{rel}","templated":true}]}}