{"id":2955,"date":"2024-03-20T08:46:19","date_gmt":"2024-03-20T07:46:19","guid":{"rendered":"https:\/\/asociacionwawitai.org\/?page_id=2955"},"modified":"2025-01-05T11:12:48","modified_gmt":"2025-01-05T10:12:48","slug":"malawi-colaboracion-con-a-malawi-salud","status":"publish","type":"page","link":"https:\/\/asociacionwawitai.org\/?page_id=2955","title":{"rendered":"MALAWI \u2013 Colaboraci\u00f3n Con A. Malawi Salud"},"content":{"rendered":"\n<div class=\"wp-block-uagb-container uagb-block-ad56ba49 alignfull uagb-is-root-container\"><div class=\"uagb-container-inner-blocks-wrap\">\n<div class=\"wp-block-uagb-advanced-heading uagb-block-89536b24\"><h1 class=\"uagb-heading-text\">Colaboraci\u00f3n Con A. Malawi Salud<\/h1><\/div>\n<\/div><\/div>\n\n\n\n<div class=\"wp-block-uagb-container uagb-block-3d250d7d alignfull uagb-is-root-container\"><div class=\"uagb-container-inner-blocks-wrap\">\n<div class=\"wp-block-uagb-container uagb-block-c7bd1c12\">\n<p class=\"has-text-align-center has-ast-global-color-5-color has-ast-global-color-0-background-color has-text-color has-background has-link-color has-medium-font-size wp-elements-f984dd7e74be03f78009e06ec4b7884a\"><strong>MALAWI \/ desde 2008<\/strong><\/p>\n\n\n\n<p>Prestaci\u00f3n econ\u00f3mica a la Asociaci\u00f3n \u00abMalawi Salud\u00bb en su programa de cooperaci\u00f3n y ayuda al Hospital Central Kamuzu de Lilongwe, en el departamento de pediatr\u00eda (env\u00edo trimestral de equipos de enfermeras, material y equipos m\u00e9dicos) y mejora en Centros de Salud rurales, como los de Chinsapo en 2021, Chilinde y Diarnpwe en 2022 y Chicowa y Lemwe en 2023.<\/p>\n\n\n\n<div class=\"wp-block-uagb-buttons uagb-buttons__outer-wrap uagb-btn__default-btn uagb-btn-tablet__default-btn uagb-btn-mobile__default-btn uagb-block-da661877\"><div class=\"uagb-buttons__wrap uagb-buttons-layout-wrap\">\n<div class=\"wp-block-uagb-buttons-child uagb-buttons__outer-wrap uagb-block-93c683cf wp-block-button\"><div class=\"uagb-button__wrapper\"><a class=\"uagb-buttons-repeater wp-block-button__link\" aria-label=\"\" href=\"#\" rel=\"follow noopener\" target=\"_self\"><div class=\"uagb-button__link\">Ver<\/div><\/a><\/div><\/div>\n\n\n\n<div class=\"wp-block-uagb-buttons-child uagb-buttons__outer-wrap uagb-block-a7eb8ea5 wp-block-button\"><div class=\"uagb-button__wrapper\"><a class=\"uagb-buttons-repeater wp-block-button__link\" aria-label=\"\" href=\"#\" rel=\"follow noopener\" target=\"_self\"><div class=\"uagb-button__link\">Descargar<\/div><\/a><\/div><\/div>\n<\/div><\/div>\n\n\n\n<div style=\"height:50px\" aria-hidden=\"true\" class=\"wp-block-spacer\"><\/div>\n\n\n\n<figure class=\"wp-block-gallery has-nested-images columns-4 is-cropped wp-block-gallery-1 is-layout-flex wp-block-gallery-is-layout-flex\">\n<figure class=\"wp-block-image size-large\"><a href=\"http:\/\/asociacionwawitai.org\/wp-content\/uploads\/2024\/02\/2022_EquipoEnfermer@s_01.jpg\"><img loading=\"lazy\" decoding=\"async\" width=\"1024\" height=\"768\" src=\"http:\/\/asociacionwawitai.org\/wp-content\/uploads\/2024\/02\/2022_EquipoEnfermer@s_01-1024x768.jpg\" alt=\"\" class=\"wp-image-2661\" srcset=\"https:\/\/asociacionwawitai.org\/wp-content\/uploads\/2024\/02\/2022_EquipoEnfermer@s_01-1024x768.jpg 1024w, https:\/\/asociacionwawitai.org\/wp-content\/uploads\/2024\/02\/2022_EquipoEnfermer@s_01-300x225.jpg 300w, https:\/\/asociacionwawitai.org\/wp-content\/uploads\/2024\/02\/2022_EquipoEnfermer@s_01-768x576.jpg 768w, https:\/\/asociacionwawitai.org\/wp-content\/uploads\/2024\/02\/2022_EquipoEnfermer@s_01-1x1.jpg 1w\" sizes=\"auto, (max-width: 1024px) 100vw, 1024px\" \/><\/a><figcaption class=\"wp-element-caption\">Equipo 2023<\/figcaption><\/figure>\n\n\n\n<figure class=\"wp-block-image size-large\"><a href=\"http:\/\/asociacionwawitai.org\/wp-content\/uploads\/2024\/02\/2022_EquipoSaludChikowa_01.jpg\"><img loading=\"lazy\" decoding=\"async\" width=\"1024\" height=\"768\" src=\"http:\/\/asociacionwawitai.org\/wp-content\/uploads\/2024\/02\/2022_EquipoSaludChikowa_01-1024x768.jpg\" alt=\"\" class=\"wp-image-2662\" srcset=\"https:\/\/asociacionwawitai.org\/wp-content\/uploads\/2024\/02\/2022_EquipoSaludChikowa_01-1024x768.jpg 1024w, https:\/\/asociacionwawitai.org\/wp-content\/uploads\/2024\/02\/2022_EquipoSaludChikowa_01-300x225.jpg 300w, https:\/\/asociacionwawitai.org\/wp-content\/uploads\/2024\/02\/2022_EquipoSaludChikowa_01-768x576.jpg 768w, https:\/\/asociacionwawitai.org\/wp-content\/uploads\/2024\/02\/2022_EquipoSaludChikowa_01-1x1.jpg 1w\" sizes=\"auto, (max-width: 1024px) 100vw, 1024px\" \/><\/a><figcaption class=\"wp-element-caption\">Centro Salud Chikowa<\/figcaption><\/figure>\n\n\n\n<figure class=\"wp-block-image size-large\"><a href=\"http:\/\/asociacionwawitai.org\/wp-content\/uploads\/2024\/02\/2022_Exposici\u00f3nMiguelServet_01.jpeg\"><img loading=\"lazy\" decoding=\"async\" width=\"1024\" height=\"508\" src=\"http:\/\/asociacionwawitai.org\/wp-content\/uploads\/2024\/02\/2022_Exposici\u00f3nMiguelServet_01-1024x508.jpeg\" alt=\"\" class=\"wp-image-2664\" srcset=\"https:\/\/asociacionwawitai.org\/wp-content\/uploads\/2024\/02\/2022_Exposici\u00f3nMiguelServet_01-1024x508.jpeg 1024w, https:\/\/asociacionwawitai.org\/wp-content\/uploads\/2024\/02\/2022_Exposici\u00f3nMiguelServet_01-300x149.jpeg 300w, https:\/\/asociacionwawitai.org\/wp-content\/uploads\/2024\/02\/2022_Exposici\u00f3nMiguelServet_01-768x381.jpeg 768w, https:\/\/asociacionwawitai.org\/wp-content\/uploads\/2024\/02\/2022_Exposici\u00f3nMiguelServet_01-2x1.jpeg 2w\" sizes=\"auto, (max-width: 1024px) 100vw, 1024px\" \/><\/a><figcaption class=\"wp-element-caption\">Exposici\u00f3n H.Servet<\/figcaption><\/figure>\n\n\n\n<figure class=\"wp-block-image size-large\"><a href=\"http:\/\/asociacionwawitai.org\/wp-content\/uploads\/2024\/02\/2022_PacientesSalud_01.jpg\"><img loading=\"lazy\" decoding=\"async\" width=\"1024\" height=\"768\" src=\"http:\/\/asociacionwawitai.org\/wp-content\/uploads\/2024\/02\/2022_PacientesSalud_01-1024x768.jpg\" alt=\"\" class=\"wp-image-2665\" srcset=\"https:\/\/asociacionwawitai.org\/wp-content\/uploads\/2024\/02\/2022_PacientesSalud_01-1024x768.jpg 1024w, https:\/\/asociacionwawitai.org\/wp-content\/uploads\/2024\/02\/2022_PacientesSalud_01-300x225.jpg 300w, https:\/\/asociacionwawitai.org\/wp-content\/uploads\/2024\/02\/2022_PacientesSalud_01-768x576.jpg 768w, https:\/\/asociacionwawitai.org\/wp-content\/uploads\/2024\/02\/2022_PacientesSalud_01-1x1.jpg 1w\" sizes=\"auto, (max-width: 1024px) 100vw, 1024px\" \/><\/a><figcaption class=\"wp-element-caption\">Pediatr\u00eda<\/figcaption><\/figure>\n\n\n\n<figure class=\"wp-block-image size-large\"><a href=\"http:\/\/asociacionwawitai.org\/wp-content\/uploads\/2024\/02\/2022_PacientesSalud_03.jpg\"><img loading=\"lazy\" decoding=\"async\" width=\"1024\" height=\"768\" src=\"http:\/\/asociacionwawitai.org\/wp-content\/uploads\/2024\/02\/2022_PacientesSalud_03-1024x768.jpg\" alt=\"\" class=\"wp-image-2666\" srcset=\"https:\/\/asociacionwawitai.org\/wp-content\/uploads\/2024\/02\/2022_PacientesSalud_03-1024x768.jpg 1024w, https:\/\/asociacionwawitai.org\/wp-content\/uploads\/2024\/02\/2022_PacientesSalud_03-300x225.jpg 300w, https:\/\/asociacionwawitai.org\/wp-content\/uploads\/2024\/02\/2022_PacientesSalud_03-768x576.jpg 768w, https:\/\/asociacionwawitai.org\/wp-content\/uploads\/2024\/02\/2022_PacientesSalud_03-1x1.jpg 1w\" sizes=\"auto, (max-width: 1024px) 100vw, 1024px\" \/><\/a><figcaption class=\"wp-element-caption\">Pediatr\u00eda<\/figcaption><\/figure>\n\n\n\n<figure class=\"wp-block-image size-large\"><a href=\"http:\/\/asociacionwawitai.org\/wp-content\/uploads\/2024\/02\/2023_Neonatos_01.jpg\"><img loading=\"lazy\" decoding=\"async\" width=\"1024\" height=\"768\" src=\"http:\/\/asociacionwawitai.org\/wp-content\/uploads\/2024\/02\/2023_Neonatos_01-1024x768.jpg\" alt=\"\" class=\"wp-image-2667\" srcset=\"https:\/\/asociacionwawitai.org\/wp-content\/uploads\/2024\/02\/2023_Neonatos_01-1024x768.jpg 1024w, https:\/\/asociacionwawitai.org\/wp-content\/uploads\/2024\/02\/2023_Neonatos_01-300x225.jpg 300w, https:\/\/asociacionwawitai.org\/wp-content\/uploads\/2024\/02\/2023_Neonatos_01-768x576.jpg 768w, https:\/\/asociacionwawitai.org\/wp-content\/uploads\/2024\/02\/2023_Neonatos_01-1x1.jpg 1w\" sizes=\"auto, (max-width: 1024px) 100vw, 1024px\" \/><\/a><figcaption class=\"wp-element-caption\">Neonatos<\/figcaption><\/figure>\n\n\n\n<figure class=\"wp-block-image size-large\"><a href=\"http:\/\/asociacionwawitai.org\/wp-content\/uploads\/2024\/02\/2023_Neonatos_02.jpg\"><img loading=\"lazy\" decoding=\"async\" width=\"1024\" height=\"768\" src=\"http:\/\/asociacionwawitai.org\/wp-content\/uploads\/2024\/02\/2023_Neonatos_02-1024x768.jpg\" alt=\"\" class=\"wp-image-2668\" srcset=\"https:\/\/asociacionwawitai.org\/wp-content\/uploads\/2024\/02\/2023_Neonatos_02-1024x768.jpg 1024w, https:\/\/asociacionwawitai.org\/wp-content\/uploads\/2024\/02\/2023_Neonatos_02-300x225.jpg 300w, https:\/\/asociacionwawitai.org\/wp-content\/uploads\/2024\/02\/2023_Neonatos_02-768x576.jpg 768w, https:\/\/asociacionwawitai.org\/wp-content\/uploads\/2024\/02\/2023_Neonatos_02-1x1.jpg 1w\" sizes=\"auto, (max-width: 1024px) 100vw, 1024px\" \/><\/a><figcaption class=\"wp-element-caption\">Neonatos<\/figcaption><\/figure>\n\n\n\n<figure class=\"wp-block-image size-large\"><a href=\"http:\/\/asociacionwawitai.org\/wp-content\/uploads\/2024\/02\/2023_Neonatos_03.jpg\"><img loading=\"lazy\" decoding=\"async\" width=\"1024\" height=\"683\" src=\"http:\/\/asociacionwawitai.org\/wp-content\/uploads\/2024\/02\/2023_Neonatos_03-1024x683.jpg\" alt=\"\" class=\"wp-image-2669\" srcset=\"https:\/\/asociacionwawitai.org\/wp-content\/uploads\/2024\/02\/2023_Neonatos_03-1024x683.jpg 1024w, https:\/\/asociacionwawitai.org\/wp-content\/uploads\/2024\/02\/2023_Neonatos_03-300x200.jpg 300w, https:\/\/asociacionwawitai.org\/wp-content\/uploads\/2024\/02\/2023_Neonatos_03-768x512.jpg 768w, https:\/\/asociacionwawitai.org\/wp-content\/uploads\/2024\/02\/2023_Neonatos_03-1x1.jpg 1w, https:\/\/asociacionwawitai.org\/wp-content\/uploads\/2024\/02\/2023_Neonatos_03.jpg 1960w\" sizes=\"auto, (max-width: 1024px) 100vw, 1024px\" \/><\/a><figcaption class=\"wp-element-caption\">Neonatos<\/figcaption><\/figure>\n<\/figure>\n<\/div>\n<\/div><\/div>\n","protected":false},"excerpt":{"rendered":"<p>Prestaci\u00f3n econ\u00f3mica a  la Asociaci\u00f3n \u00abMalawi Salud\u00bb en su programa de cooperaci\u00f3n  y ayuda al Hospital Central Kamuzu de Lilongwe, en el departamento de pediatr\u00eda (env\u00edo trimestral de equipos de enfermeras, material y equipos m\u00e9dicos) y mejora  en Centros de Salud rurales, como los de Chinsapo en 2021,  Chilinde y Diarnpwe en 2022 y Chicowa y Lemwe en 2023.<\/p>\n","protected":false},"author":1,"featured_media":1977,"parent":0,"menu_order":0,"comment_status":"closed","ping_status":"closed","template":"","meta":{"_uag_custom_page_level_css":"","site-sidebar-layout":"default","site-content-layout":"","ast-site-content-layout":"","site-content-style":"default","site-sidebar-style":"default","ast-global-header-display":"","ast-banner-title-visibility":"","ast-main-header-display":"","ast-hfb-above-header-display":"","ast-hfb-below-header-display":"","ast-hfb-mobile-header-display":"","site-post-title":"","ast-breadcrumbs-content":"","ast-featured-img":"disabled","footer-sml-layout":"","theme-transparent-header-meta":"","adv-header-id-meta":"","stick-header-meta":"","header-above-stick-meta":"","header-main-stick-meta":"","header-below-stick-meta":"","astra-migrate-meta-layouts":"default","ast-page-background-enabled":"default","ast-page-background-meta":{"desktop":{"background-color":"var(--ast-global-color-4)","background-image":"","background-repeat":"repeat","background-position":"center center","background-size":"auto","background-attachment":"scroll","background-type":"","background-media":"","overlay-type":"","overlay-color":"","overlay-gradient":""},"tablet":{"background-color":"","background-image":"","background-repeat":"repeat","background-position":"center center","background-size":"auto","background-attachment":"scroll","background-type":"","background-media":"","overlay-type":"","overlay-color":"","overlay-gradient":""},"mobile":{"background-color":"","background-image":"","background-repeat":"repeat","background-position":"center center","background-size":"auto","background-attachment":"scroll","background-type":"","background-media":"","overlay-type":"","overlay-color":"","overlay-gradient":""}},"ast-content-background-meta":{"desktop":{"background-color":"var(--ast-global-color-5)","background-image":"","background-repeat":"repeat","background-position":"center center","background-size":"auto","background-attachment":"scroll","background-type":"","background-media":"","overlay-type":"","overlay-color":"","overlay-gradient":""},"tablet":{"background-color":"var(--ast-global-color-5)","background-image":"","background-repeat":"repeat","background-position":"center center","background-size":"auto","background-attachment":"scroll","background-type":"","background-media":"","overlay-type":"","overlay-color":"","overlay-gradient":""},"mobile":{"background-color":"var(--ast-global-color-5)","background-image":"","background-repeat":"repeat","background-position":"center center","background-size":"auto","background-attachment":"scroll","background-type":"","background-media":"","overlay-type":"","overlay-color":"","overlay-gradient":""}},"footnotes":""},"class_list":["post-2955","page","type-page","status-publish","has-post-thumbnail","hentry"],"uagb_featured_image_src":{"full":["https:\/\/asociacionwawitai.org\/wp-content\/uploads\/2024\/01\/MapasWebMalawi.jpg",4724,3575,false],"thumbnail":["https:\/\/asociacionwawitai.org\/wp-content\/uploads\/2024\/01\/MapasWebMalawi-150x150.jpg",150,150,true],"medium":["https:\/\/asociacionwawitai.org\/wp-content\/uploads\/2024\/01\/MapasWebMalawi-300x227.jpg",300,227,true],"medium_large":["https:\/\/asociacionwawitai.org\/wp-content\/uploads\/2024\/01\/MapasWebMalawi-768x581.jpg",768,581,true],"large":["https:\/\/asociacionwawitai.org\/wp-content\/uploads\/2024\/01\/MapasWebMalawi-1024x775.jpg",1024,775,true],"1536x1536":["https:\/\/asociacionwawitai.org\/wp-content\/uploads\/2024\/01\/MapasWebMalawi.jpg",1536,1162,false],"2048x2048":["https:\/\/asociacionwawitai.org\/wp-content\/uploads\/2024\/01\/MapasWebMalawi.jpg",2048,1550,false]},"uagb_author_info":{"display_name":"Wawitai","author_link":"https:\/\/asociacionwawitai.org\/?author=1"},"uagb_comment_info":0,"uagb_excerpt":"Prestaci\u00f3n econ\u00f3mica a la Asociaci\u00f3n \u00abMalawi Salud\u00bb en su programa de cooperaci\u00f3n y ayuda al Hospital Central Kamuzu de Lilongwe, en el departamento de pediatr\u00eda (env\u00edo trimestral de equipos de enfermeras, material y equipos m\u00e9dicos) y mejora en Centros de Salud rurales, como los de Chinsapo en 2021, Chilinde y Diarnpwe en 2022 y Chicowa&hellip;","_links":{"self":[{"href":"https:\/\/asociacionwawitai.org\/index.php?rest_route=\/wp\/v2\/pages\/2955","targetHints":{"allow":["GET"]}}],"collection":[{"href":"https:\/\/asociacionwawitai.org\/index.php?rest_route=\/wp\/v2\/pages"}],"about":[{"href":"https:\/\/asociacionwawitai.org\/index.php?rest_route=\/wp\/v2\/types\/page"}],"author":[{"embeddable":true,"href":"https:\/\/asociacionwawitai.org\/index.php?rest_route=\/wp\/v2\/users\/1"}],"replies":[{"embeddable":true,"href":"https:\/\/asociacionwawitai.org\/index.php?rest_route=%2Fwp%2Fv2%2Fcomments&post=2955"}],"version-history":[{"count":2,"href":"https:\/\/asociacionwawitai.org\/index.php?rest_route=\/wp\/v2\/pages\/2955\/revisions"}],"predecessor-version":[{"id":3022,"href":"https:\/\/asociacionwawitai.org\/index.php?rest_route=\/wp\/v2\/pages\/2955\/revisions\/3022"}],"wp:featuredmedia":[{"embeddable":true,"href":"https:\/\/asociacionwawitai.org\/index.php?rest_route=\/wp\/v2\/media\/1977"}],"wp:attachment":[{"href":"https:\/\/asociacionwawitai.org\/index.php?rest_route=%2Fwp%2Fv2%2Fmedia&parent=2955"}],"curies":[{"name":"wp","href":"https:\/\/api.w.org\/{rel}","templated":true}]}}