{"id":59,"date":"2014-09-19T12:31:20","date_gmt":"2014-09-19T12:31:20","guid":{"rendered":"https:\/\/asociacionwawitai.org\/?page_id=59"},"modified":"2026-01-17T10:36:52","modified_gmt":"2026-01-17T09:36:52","slug":"tu-ayuda-es-necesaria","status":"publish","type":"page","link":"https:\/\/asociacionwawitai.org\/?page_id=59","title":{"rendered":"COLABORA"},"content":{"rendered":"\n<div class=\"wp-block-uagb-container uagb-block-ad56ba49 alignfull uagb-is-root-container\"><div class=\"uagb-container-inner-blocks-wrap\">\n<div class=\"wp-block-uagb-advanced-heading uagb-block-89536b24\"><h1 class=\"uagb-heading-text\">Colabora CON WAWITAI<\/h1><\/div>\n<\/div><\/div>\n\n\n\n<div class=\"wp-block-uagb-container uagb-block-2db29dd7 alignfull uagb-is-root-container\"><div class=\"uagb-container-inner-blocks-wrap\">\n<p class=\"has-text-align-center has-medium-font-size\">Si desea realizar alguna aportaci\u00f3n extraordinaria para cualquiera de nuestros proyectos o de las necesidades a las que puntualmente podamos contribuir, puede realizar el ingreso correspondiente en la cuenta corriente de la Asociaci\u00f3n Wawitai.<\/p>\n\n\n\n<div class=\"wp-block-uagb-advanced-heading uagb-block-2e763511\"><h3 class=\"uagb-heading-text\"><strong>Ay\u00fadanos, ay\u00fadales<\/strong><\/h3><p class=\"uagb-desc-text\">Caja Rural de Teruel Zaragoza: ES90 3080 0065 1126 4597 7329<\/p><\/div>\n<\/div><\/div>\n\n\n\n<div class=\"wp-block-uagb-container uag-hide-tab uag-hide-mob uag-blocks-common-selector uagb-block-bc9b9820 alignfull uagb-is-root-container\">\n<div class=\"wp-block-uagb-container uagb-block-8e18b543\">\n<div class=\"wp-block-uagb-image uagb-block-5d963c0d wp-block-uagb-image--layout-default wp-block-uagb-image--effect-static wp-block-uagb-image--align-none\"><figure class=\"wp-block-uagb-image__figure\"><img decoding=\"async\" srcset=\"https:\/\/asociacionwawitai.org\/wp-content\/uploads\/2024\/02\/2022_NI\u00f1asCalle_01.jpg ,https:\/\/asociacionwawitai.org\/wp-content\/uploads\/2024\/02\/2022_NI\u00f1asCalle_01.jpg 780w, https:\/\/asociacionwawitai.org\/wp-content\/uploads\/2024\/02\/2022_NI\u00f1asCalle_01.jpg 360w\" sizes=\"auto, (max-width: 480px) 150px\" src=\"https:\/\/asociacionwawitai.org\/wp-content\/uploads\/2024\/02\/2022_NI\u00f1asCalle_01.jpg\" alt=\"\" class=\"uag-image-2810\" width=\"340\" height=\"225\" title=\"\" loading=\"lazy\" role=\"img\"\/><\/figure><\/div>\n<\/div>\n\n\n\n<div class=\"wp-block-uagb-container uagb-block-94a35c6d\">\n<div class=\"wp-block-uagb-image uagb-block-98d68b02 wp-block-uagb-image--layout-default wp-block-uagb-image--effect-static wp-block-uagb-image--align-none\"><figure class=\"wp-block-uagb-image__figure\"><img decoding=\"async\" srcset=\"https:\/\/asociacionwawitai.org\/wp-content\/uploads\/2024\/02\/2022_Casa_01.jpg ,https:\/\/asociacionwawitai.org\/wp-content\/uploads\/2024\/02\/2022_Casa_01.jpg 780w, https:\/\/asociacionwawitai.org\/wp-content\/uploads\/2024\/02\/2022_Casa_01.jpg 360w\" sizes=\"auto, (max-width: 480px) 150px\" src=\"https:\/\/asociacionwawitai.org\/wp-content\/uploads\/2024\/02\/2022_Casa_01.jpg\" alt=\"\" class=\"uag-image-2796\" width=\"340\" height=\"225\" title=\"\" loading=\"lazy\" role=\"img\"\/><\/figure><\/div>\n<\/div>\n\n\n\n<div class=\"wp-block-uagb-container uagb-block-34e7af1c\">\n<div class=\"wp-block-uagb-image uagb-block-65d6b1b4 wp-block-uagb-image--layout-default wp-block-uagb-image--effect-static wp-block-uagb-image--align-none\"><figure class=\"wp-block-uagb-image__figure\"><img decoding=\"async\" srcset=\"https:\/\/asociacionwawitai.org\/wp-content\/uploads\/2024\/02\/Mec\u00e1nicaAutomovil_02.jpg ,https:\/\/asociacionwawitai.org\/wp-content\/uploads\/2024\/02\/Mec\u00e1nicaAutomovil_02.jpg 780w, https:\/\/asociacionwawitai.org\/wp-content\/uploads\/2024\/02\/Mec\u00e1nicaAutomovil_02.jpg 360w\" sizes=\"auto, (max-width: 480px) 150px\" src=\"https:\/\/asociacionwawitai.org\/wp-content\/uploads\/2024\/02\/Mec\u00e1nicaAutomovil_02.jpg\" alt=\"\" class=\"uag-image-2649\" width=\"340\" height=\"224\" title=\"\" loading=\"lazy\" role=\"img\"\/><\/figure><\/div>\n<\/div>\n\n\n\n<div class=\"wp-block-uagb-container uagb-block-b4356618\">\n<div class=\"wp-block-uagb-image uagb-block-79cad4e1 wp-block-uagb-image--layout-default wp-block-uagb-image--effect-static wp-block-uagb-image--align-none\"><figure class=\"wp-block-uagb-image__figure\"><img decoding=\"async\" srcset=\"https:\/\/asociacionwawitai.org\/wp-content\/uploads\/2020\/12\/IMG-20181213-WA0003.jpg ,https:\/\/asociacionwawitai.org\/wp-content\/uploads\/2020\/12\/IMG-20181213-WA0003.jpg 780w, https:\/\/asociacionwawitai.org\/wp-content\/uploads\/2020\/12\/IMG-20181213-WA0003.jpg 360w\" sizes=\"auto, (max-width: 480px) 150px\" src=\"https:\/\/asociacionwawitai.org\/wp-content\/uploads\/2020\/12\/IMG-20181213-WA0003.jpg\" alt=\"\" class=\"uag-image-1858\" width=\"340\" height=\"225\" title=\"\" loading=\"lazy\" role=\"img\"\/><\/figure><\/div>\n<\/div>\n\n\n\n<div class=\"wp-block-uagb-container uagb-block-943f95fe\">\n<div class=\"wp-block-uagb-image uagb-block-81184e31 wp-block-uagb-image--layout-default wp-block-uagb-image--effect-static wp-block-uagb-image--align-none\"><figure class=\"wp-block-uagb-image__figure\"><img decoding=\"async\" srcset=\"https:\/\/asociacionwawitai.org\/wp-content\/uploads\/2020\/12\/Guarder\u00eda_10__Ni\u00f1osBailandoFolklore.jpg ,https:\/\/asociacionwawitai.org\/wp-content\/uploads\/2020\/12\/Guarder\u00eda_10__Ni\u00f1osBailandoFolklore.jpg 780w, https:\/\/asociacionwawitai.org\/wp-content\/uploads\/2020\/12\/Guarder\u00eda_10__Ni\u00f1osBailandoFolklore.jpg 360w\" sizes=\"auto, (max-width: 480px) 150px\" src=\"https:\/\/asociacionwawitai.org\/wp-content\/uploads\/2020\/12\/Guarder\u00eda_10__Ni\u00f1osBailandoFolklore.jpg\" alt=\"\" class=\"uag-image-1769\" width=\"340\" height=\"225\" title=\"\" loading=\"lazy\" role=\"img\"\/><\/figure><\/div>\n<\/div>\n<\/div>\n\n\n\n<div class=\"wp-block-uagb-container uagb-block-ab385da2 alignfull uagb-is-root-container\"><div class=\"uagb-container-inner-blocks-wrap\">\n<div class=\"wp-block-uagb-container uagb-block-23d5147f\">\n<h2 class=\"wp-block-heading\">Hazte socio<\/h2>\n\n\n\n<p>Si prefiere que nosotros le enviemos el formulario de suscripci\u00f3n puede comunicarse con nosotros escribi\u00e9ndonos a email o bien puede hacerlo a trav\u00e9s del siguiente formulario.<\/p>\n\n\n\n<div class=\"wp-block-uagb-icon-list uagb-block-6476e675\"><div class=\"uagb-icon-list__wrap\">\n<div class=\"wp-block-uagb-icon-list-child uagb-block-d054c82e\"><a target=\"_blank\" aria-label=\"Folleto para asociados\" rel=\"noopener noreferrer\" href=\"https:\/\/asociacionwawitai.org\/wp-content\/uploads\/2021\/12\/211211_FolletoLOPD_ParaAsociados.pdf\"> <\/a><span class=\"uagb-icon-list__source-wrap\"><svg xmlns=\"https:\/\/www.w3.org\/2000\/svg\" viewBox=\"0 0 384 512\"><path d=\"M88 304H80V256H88C101.3 256 112 266.7 112 280C112 293.3 101.3 304 88 304zM192 256H200C208.8 256 216 263.2 216 272V336C216 344.8 208.8 352 200 352H192V256zM224 0V128C224 145.7 238.3 160 256 160H384V448C384 483.3 355.3 512 320 512H64C28.65 512 0 483.3 0 448V64C0 28.65 28.65 0 64 0H224zM64 224C55.16 224 48 231.2 48 240V368C48 376.8 55.16 384 64 384C72.84 384 80 376.8 80 368V336H88C118.9 336 144 310.9 144 280C144 249.1 118.9 224 88 224H64zM160 368C160 376.8 167.2 384 176 384H200C226.5 384 248 362.5 248 336V272C248 245.5 226.5 224 200 224H176C167.2 224 160 231.2 160 240V368zM288 224C279.2 224 272 231.2 272 240V368C272 376.8 279.2 384 288 384C296.8 384 304 376.8 304 368V320H336C344.8 320 352 312.8 352 304C352 295.2 344.8 288 336 288H304V256H336C344.8 256 352 248.8 352 240C352 231.2 344.8 224 336 224H288zM256 0L384 128H256V0z\"><\/path><\/svg><\/span><span class=\"uagb-icon-list__label\">Folleto para asociados<\/span><\/div>\n\n\n\n<div class=\"wp-block-uagb-icon-list-child uagb-block-e70a1e7c\"><a target=\"_blank\" aria-label=\"Estatutos de la asociaci\u00f3n\" rel=\"noopener noreferrer\" href=\"https:\/\/asociacionwawitai.org\/wp-content\/uploads\/2025\/01\/2020_EstatutosModificadosConDiligencia.pdf\"> <\/a><span class=\"uagb-icon-list__source-wrap\"><svg xmlns=\"https:\/\/www.w3.org\/2000\/svg\" viewBox=\"0 0 384 512\"><path d=\"M88 304H80V256H88C101.3 256 112 266.7 112 280C112 293.3 101.3 304 88 304zM192 256H200C208.8 256 216 263.2 216 272V336C216 344.8 208.8 352 200 352H192V256zM224 0V128C224 145.7 238.3 160 256 160H384V448C384 483.3 355.3 512 320 512H64C28.65 512 0 483.3 0 448V64C0 28.65 28.65 0 64 0H224zM64 224C55.16 224 48 231.2 48 240V368C48 376.8 55.16 384 64 384C72.84 384 80 376.8 80 368V336H88C118.9 336 144 310.9 144 280C144 249.1 118.9 224 88 224H64zM160 368C160 376.8 167.2 384 176 384H200C226.5 384 248 362.5 248 336V272C248 245.5 226.5 224 200 224H176C167.2 224 160 231.2 160 240V368zM288 224C279.2 224 272 231.2 272 240V368C272 376.8 279.2 384 288 384C296.8 384 304 376.8 304 368V320H336C344.8 320 352 312.8 352 304C352 295.2 344.8 288 336 288H304V256H336C344.8 256 352 248.8 352 240C352 231.2 344.8 224 336 224H288zM256 0L384 128H256V0z\"><\/path><\/svg><\/span><span class=\"uagb-icon-list__label\">Estatutos de la asociaci\u00f3n<\/span><\/div>\n<\/div><\/div>\n\n\n\n<div style=\"height:20px\" aria-hidden=\"true\" class=\"wp-block-spacer\"><\/div>\n\n\n\n<div class=\"wp-block-uagb-icon-list uagb-block-2c4544da\"><div class=\"uagb-icon-list__wrap\">\n<div class=\"wp-block-uagb-icon-list-child uagb-block-0a0788ac\"><a target=\"_blank\" aria-label=\"WhatsApp\" rel=\"noopener noreferrer\" href=\"https:\/\/api.whatsapp.com\/send?phone=34626 30 10 94&amp;text=Hola%2C%20me%20gustar\u00eda%20recibir%20m\u00e1s%20informaci\u00f3n\"> <\/a><span class=\"uagb-icon-list__source-wrap\"><svg xmlns=\"https:\/\/www.w3.org\/2000\/svg\" viewBox=\"0 0 448 512\"><path d=\"M380.9 97.1C339 55.1 283.2 32 223.9 32c-122.4 0-222 99.6-222 222 0 39.1 10.2 77.3 29.6 111L0 480l117.7-30.9c32.4 17.7 68.9 27 106.1 27h.1c122.3 0 224.1-99.6 224.1-222 0-59.3-25.2-115-67.1-157zm-157 341.6c-33.2 0-65.7-8.9-94-25.7l-6.7-4-69.8 18.3L72 359.2l-4.4-7c-18.5-29.4-28.2-63.3-28.2-98.2 0-101.7 82.8-184.5 184.6-184.5 49.3 0 95.6 19.2 130.4 54.1 34.8 34.9 56.2 81.2 56.1 130.5 0 101.8-84.9 184.6-186.6 184.6zm101.2-138.2c-5.5-2.8-32.8-16.2-37.9-18-5.1-1.9-8.8-2.8-12.5 2.8-3.7 5.6-14.3 18-17.6 21.8-3.2 3.7-6.5 4.2-12 1.4-32.6-16.3-54-29.1-75.5-66-5.7-9.8 5.7-9.1 16.3-30.3 1.8-3.7 .9-6.9-.5-9.7-1.4-2.8-12.5-30.1-17.1-41.2-4.5-10.8-9.1-9.3-12.5-9.5-3.2-.2-6.9-.2-10.6-.2-3.7 0-9.7 1.4-14.8 6.9-5.1 5.6-19.4 19-19.4 46.3 0 27.3 19.9 53.7 22.6 57.4 2.8 3.7 39.1 59.7 94.8 83.8 35.2 15.2 49 16.5 66.6 13.9 10.7-1.6 32.8-13.4 37.4-26.4 4.6-13 4.6-24.1 3.2-26.4-1.3-2.5-5-3.9-10.5-6.6z\"><\/path><\/svg><\/span><\/div>\n\n\n\n<div class=\"wp-block-uagb-icon-list-child uagb-block-67634ab8\"><a target=\"_blank\" aria-label=\"Email\" rel=\"noopener noreferrer\" href=\"tel:626 30 10 94\"> <\/a><span class=\"uagb-icon-list__source-wrap\"><svg xmlns=\"https:\/\/www.w3.org\/2000\/svg\" viewBox=\"0 0 512 512\"><path d=\"M511.2 387l-23.25 100.8c-3.266 14.25-15.79 24.22-30.46 24.22C205.2 512 0 306.8 0 54.5c0-14.66 9.969-27.2 24.22-30.45l100.8-23.25C139.7-2.602 154.7 5.018 160.8 18.92l46.52 108.5c5.438 12.78 1.77 27.67-8.98 36.45L144.5 207.1c33.98 69.22 90.26 125.5 159.5 159.5l44.08-53.8c8.688-10.78 23.69-14.51 36.47-8.975l108.5 46.51C506.1 357.2 514.6 372.4 511.2 387z\"><\/path><\/svg><\/span><\/div>\n\n\n\n<div class=\"wp-block-uagb-icon-list-child uagb-block-85436f22\"><a target=\"_blank\" aria-label=\"Email\" rel=\"noopener noreferrer\" href=\"mailto:wawitai.ong@gmail.com\"> <\/a><span class=\"uagb-icon-list__source-wrap\"><svg xmlns=\"https:\/\/www.w3.org\/2000\/svg\" viewBox=\"0 0 512 512\"><path d=\"M464 64C490.5 64 512 85.49 512 112C512 127.1 504.9 141.3 492.8 150.4L275.2 313.6C263.8 322.1 248.2 322.1 236.8 313.6L19.2 150.4C7.113 141.3 0 127.1 0 112C0 85.49 21.49 64 48 64H464zM217.6 339.2C240.4 356.3 271.6 356.3 294.4 339.2L512 176V384C512 419.3 483.3 448 448 448H64C28.65 448 0 419.3 0 384V176L217.6 339.2z\"><\/path><\/svg><\/span><\/div>\n\n\n\n<div class=\"wp-block-uagb-icon-list-child uagb-block-8c7b84e2\"><a target=\"_blank\" aria-label=\"Email\" rel=\"noopener noreferrer\" href=\"https:\/\/maps.app.goo.gl\/rLuSzmENGsDRKikSA\"> <\/a><span class=\"uagb-icon-list__source-wrap\"><svg xmlns=\"https:\/\/www.w3.org\/2000\/svg\" viewBox=\"0 0 576 512\"><path d=\"M408 120C408 174.6 334.9 271.9 302.8 311.1C295.1 321.6 280.9 321.6 273.2 311.1C241.1 271.9 168 174.6 168 120C168 53.73 221.7 0 288 0C354.3 0 408 53.73 408 120zM288 152C310.1 152 328 134.1 328 112C328 89.91 310.1 72 288 72C265.9 72 248 89.91 248 112C248 134.1 265.9 152 288 152zM425.6 179.8C426.1 178.6 426.6 177.4 427.1 176.1L543.1 129.7C558.9 123.4 576 135 576 152V422.8C576 432.6 570 441.4 560.9 445.1L416 503V200.4C419.5 193.5 422.7 186.7 425.6 179.8zM150.4 179.8C153.3 186.7 156.5 193.5 160 200.4V451.8L32.91 502.7C17.15 508.1 0 497.4 0 480.4V209.6C0 199.8 5.975 190.1 15.09 187.3L137.6 138.3C140 152.5 144.9 166.6 150.4 179.8H150.4zM327.8 331.1C341.7 314.6 363.5 286.3 384 255V504.3L192 449.4V255C212.5 286.3 234.3 314.6 248.2 331.1C268.7 357.6 307.3 357.6 327.8 331.1L327.8 331.1z\"><\/path><\/svg><\/span><\/div>\n<\/div><\/div>\n\n\n\n<div style=\"height:20px\" aria-hidden=\"true\" class=\"wp-block-spacer\"><\/div>\n<\/div>\n\n\n\n<div class=\"wp-block-uagb-container uagb-block-8741740d\">\n<div class=\"wpcf7 no-js\" id=\"wpcf7-f3548-o1\" lang=\"es-ES\" dir=\"ltr\" data-wpcf7-id=\"3548\">\n<div class=\"screen-reader-response\"><p role=\"status\" aria-live=\"polite\" aria-atomic=\"true\"><\/p> <ul><\/ul><\/div>\n<form action=\"\/index.php?rest_route=%2Fwp%2Fv2%2Fpages%2F59#wpcf7-f3548-o1\" method=\"post\" class=\"wpcf7-form init\" aria-label=\"Formulario de contacto\" novalidate=\"novalidate\" data-status=\"init\">\n<fieldset class=\"hidden-fields-container\"><input type=\"hidden\" name=\"_wpcf7\" value=\"3548\" \/><input type=\"hidden\" name=\"_wpcf7_version\" value=\"6.1.3\" \/><input type=\"hidden\" name=\"_wpcf7_locale\" value=\"es_ES\" \/><input type=\"hidden\" name=\"_wpcf7_unit_tag\" value=\"wpcf7-f3548-o1\" \/><input type=\"hidden\" name=\"_wpcf7_container_post\" value=\"0\" \/><input type=\"hidden\" name=\"_wpcf7_posted_data_hash\" value=\"\" \/>\n<\/fieldset>\n<p><label> Tu nombre<br \/>\n<span class=\"wpcf7-form-control-wrap\" data-name=\"your-name\"><input size=\"40\" maxlength=\"400\" class=\"wpcf7-form-control wpcf7-text wpcf7-validates-as-required\" autocomplete=\"name\" aria-required=\"true\" aria-invalid=\"false\" value=\"\" type=\"text\" name=\"your-name\" \/><\/span> <\/label>\n<\/p>\n<p><label> Tu correo electr\u00f3nico<br \/>\n<span class=\"wpcf7-form-control-wrap\" data-name=\"your-email\"><input size=\"40\" maxlength=\"400\" class=\"wpcf7-form-control wpcf7-email wpcf7-validates-as-required wpcf7-text wpcf7-validates-as-email\" autocomplete=\"email\" aria-required=\"true\" aria-invalid=\"false\" value=\"\" type=\"email\" name=\"your-email\" \/><\/span> <\/label>\n<\/p>\n<p><label> Asunto<br \/>\n<span class=\"wpcf7-form-control-wrap\" data-name=\"your-subject\"><input size=\"40\" maxlength=\"400\" class=\"wpcf7-form-control wpcf7-text wpcf7-validates-as-required\" aria-required=\"true\" aria-invalid=\"false\" value=\"\" type=\"text\" name=\"your-subject\" \/><\/span> <\/label>\n<\/p>\n<p><label> Tu mensaje (opcional)<br \/>\n<span class=\"wpcf7-form-control-wrap\" data-name=\"your-message\"><textarea cols=\"40\" rows=\"10\" maxlength=\"2000\" class=\"wpcf7-form-control wpcf7-textarea\" aria-invalid=\"false\" name=\"your-message\"><\/textarea><\/span> <\/label>\n<\/p>\n<p><input class=\"wpcf7-form-control wpcf7-submit has-spinner\" type=\"submit\" value=\"Enviar\" \/>\n<\/p><div class=\"wpcf7-response-output\" aria-hidden=\"true\"><\/div>\n<\/form>\n<\/div>\n\n<\/div>\n<\/div><\/div>\n","protected":false},"excerpt":{"rendered":"<p>Colabora CON WAWITAI Si desea realizar alguna aportaci\u00f3n extraordinaria para cualquiera de nuestros proyectos o de las necesidades a las [&hellip;]<\/p>\n","protected":false},"author":1,"featured_media":0,"parent":0,"menu_order":0,"comment_status":"open","ping_status":"closed","template":"","meta":{"_uag_custom_page_level_css":"","site-sidebar-layout":"default","site-content-layout":"","ast-site-content-layout":"","site-content-style":"default","site-sidebar-style":"default","ast-global-header-display":"","ast-banner-title-visibility":"","ast-main-header-display":"","ast-hfb-above-header-display":"","ast-hfb-below-header-display":"","ast-hfb-mobile-header-display":"","site-post-title":"","ast-breadcrumbs-content":"","ast-featured-img":"","footer-sml-layout":"","theme-transparent-header-meta":"","adv-header-id-meta":"","stick-header-meta":"","header-above-stick-meta":"","header-main-stick-meta":"","header-below-stick-meta":"","astra-migrate-meta-layouts":"default","ast-page-background-enabled":"default","ast-page-background-meta":{"desktop":{"background-color":"var(--ast-global-color-4)","background-image":"","background-repeat":"repeat","background-position":"center center","background-size":"auto","background-attachment":"scroll","background-type":"","background-media":"","overlay-type":"","overlay-color":"","overlay-gradient":""},"tablet":{"background-color":"","background-image":"","background-repeat":"repeat","background-position":"center center","background-size":"auto","background-attachment":"scroll","background-type":"","background-media":"","overlay-type":"","overlay-color":"","overlay-gradient":""},"mobile":{"background-color":"","background-image":"","background-repeat":"repeat","background-position":"center center","background-size":"auto","background-attachment":"scroll","background-type":"","background-media":"","overlay-type":"","overlay-color":"","overlay-gradient":""}},"ast-content-background-meta":{"desktop":{"background-color":"var(--ast-global-color-5)","background-image":"","background-repeat":"repeat","background-position":"center center","background-size":"auto","background-attachment":"scroll","background-type":"","background-media":"","overlay-type":"","overlay-color":"","overlay-gradient":""},"tablet":{"background-color":"var(--ast-global-color-5)","background-image":"","background-repeat":"repeat","background-position":"center center","background-size":"auto","background-attachment":"scroll","background-type":"","background-media":"","overlay-type":"","overlay-color":"","overlay-gradient":""},"mobile":{"background-color":"var(--ast-global-color-5)","background-image":"","background-repeat":"repeat","background-position":"center center","background-size":"auto","background-attachment":"scroll","background-type":"","background-media":"","overlay-type":"","overlay-color":"","overlay-gradient":""}},"footnotes":""},"class_list":["post-59","page","type-page","status-publish","hentry"],"uagb_featured_image_src":{"full":false,"thumbnail":false,"medium":false,"medium_large":false,"large":false,"1536x1536":false,"2048x2048":false},"uagb_author_info":{"display_name":"Wawitai","author_link":"https:\/\/asociacionwawitai.org\/?author=1"},"uagb_comment_info":0,"uagb_excerpt":"Colabora CON WAWITAI Si desea realizar alguna aportaci\u00f3n extraordinaria para cualquiera de nuestros proyectos o de las necesidades a las [&hellip;]","_links":{"self":[{"href":"https:\/\/asociacionwawitai.org\/index.php?rest_route=\/wp\/v2\/pages\/59","targetHints":{"allow":["GET"]}}],"collection":[{"href":"https:\/\/asociacionwawitai.org\/index.php?rest_route=\/wp\/v2\/pages"}],"about":[{"href":"https:\/\/asociacionwawitai.org\/index.php?rest_route=\/wp\/v2\/types\/page"}],"author":[{"embeddable":true,"href":"https:\/\/asociacionwawitai.org\/index.php?rest_route=\/wp\/v2\/users\/1"}],"replies":[{"embeddable":true,"href":"https:\/\/asociacionwawitai.org\/index.php?rest_route=%2Fwp%2Fv2%2Fcomments&post=59"}],"version-history":[{"count":39,"href":"https:\/\/asociacionwawitai.org\/index.php?rest_route=\/wp\/v2\/pages\/59\/revisions"}],"predecessor-version":[{"id":3594,"href":"https:\/\/asociacionwawitai.org\/index.php?rest_route=\/wp\/v2\/pages\/59\/revisions\/3594"}],"wp:attachment":[{"href":"https:\/\/asociacionwawitai.org\/index.php?rest_route=%2Fwp%2Fv2%2Fmedia&parent=59"}],"curies":[{"name":"wp","href":"https:\/\/api.w.org\/{rel}","templated":true}]}}