{"id":61,"date":"2014-09-19T12:33:14","date_gmt":"2014-09-19T12:33:14","guid":{"rendered":"https:\/\/asociacionwawitai.org\/?page_id=61"},"modified":"2024-12-29T15:31:22","modified_gmt":"2024-12-29T14:31:22","slug":"proyectos","status":"publish","type":"page","link":"https:\/\/asociacionwawitai.org\/?page_id=61","title":{"rendered":"PROYECTOS"},"content":{"rendered":"\n<div class=\"wp-block-uagb-container uagb-block-ad56ba49 alignfull uagb-is-root-container\"><div class=\"uagb-container-inner-blocks-wrap\">\n<div class=\"wp-block-uagb-advanced-heading uagb-block-89536b24\"><h1 class=\"uagb-heading-text\">WAWITAI &#8211; PROYECTOS<\/h1><\/div>\n<\/div><\/div>\n\n\n\n<div class=\"wp-block-uagb-container uagb-block-2db29dd7 alignfull uagb-is-root-container\"><div class=\"uagb-container-inner-blocks-wrap\">\n<p>Nos enfocamos en brindar ayuda y apoyo a la infancia en pa\u00edses subdesarrollados, con el objetivo de promover su desarrollo integral y mejorar su calidad de vida. Nuestra misi\u00f3n es trabajar en colaboraci\u00f3n con comunidades locales y organizaciones internacionales para implementar programas que aborden las necesidades m\u00e1s urgentes, como la provisi\u00f3n de alimentos, atenci\u00f3n m\u00e9dica, educaci\u00f3n y acceso a agua potable.<\/p>\n\n\n\n<p>Creemos firmemente en el poder de la solidaridad y la colaboraci\u00f3n para crear un mundo m\u00e1s justo y equitativo, donde todos los ni\u00f1os y ni\u00f1as tengan la oportunidad de alcanzar su m\u00e1ximo potencial. A trav\u00e9s de nuestros proyectos, buscamos no solo brindar asistencia inmediata en situaciones de emergencia, sino tambi\u00e9n promover el desarrollo sostenible a largo plazo, fomentando la autonom\u00eda y el empoderamiento de las comunidades beneficiadas.<\/p>\n\n\n\n<p>\u00danete a nosotros en esta labor humanitaria, juntos podemos marcar la diferencia y crear un futuro m\u00e1s esperanzador para la infancia en los pa\u00edses m\u00e1s vulnerables. \u00a1Tu apoyo es fundamental para construir un mundo m\u00e1s justo y solidario para todos!<\/p>\n<\/div><\/div>\n\n\n\n<div class=\"wp-block-uagb-container uagb-block-cb0e4804 alignfull uagb-is-root-container\"><div class=\"uagb-container-inner-blocks-wrap\">\n<div class=\"wp-block-uagb-container uagb-block-777e6eb5\">\n<h2 class=\"wp-block-heading has-text-align-center\">Objetivos<\/h2>\n<\/div>\n\n\n\n<div class=\"wp-block-uagb-container uagb-block-a018d1ea\">\n<div class=\"wp-block-uagb-container uagb-block-1923a802\">\n<div class=\"wp-block-uagb-info-box uagb-block-0e4cb6d4 uagb-infobox__content-wrap  uagb-infobox-icon-above-title uagb-infobox-image-valign-top\"><div class=\"uagb-ifb-content\"><div class=\"uagb-ifb-image-content\"><img decoding=\"async\" src=\"http:\/\/asociacionwawitai.org\/wp-content\/uploads\/2024\/03\/gestion-de-equipos.png\" alt=\"\" width=\"100\" height=\"100\" loading=\"lazy\"\/><\/div><div class=\"uagb-ifb-title-wrap\"><\/div><p class=\"uagb-ifb-desc\">Implementar proyectos de cooperaci\u00f3n cuyo fin espec\u00edfico son mejorar el bienestar y desarrollo de ni\u00f1os y j\u00f3venes, sin olvidar las realidades que afectan a sus familias.<\/p><\/div><\/div>\n<\/div>\n\n\n\n<div class=\"wp-block-uagb-container uagb-block-6e7ad483\">\n<div class=\"wp-block-uagb-info-box uagb-block-81629b43 uagb-infobox__content-wrap  uagb-infobox-icon-above-title uagb-infobox-image-valign-top\"><div class=\"uagb-ifb-content\"><div class=\"uagb-ifb-image-content\"><img decoding=\"async\" src=\"http:\/\/asociacionwawitai.org\/wp-content\/uploads\/2024\/03\/personas.png\" alt=\"\" width=\"100\" height=\"100\" loading=\"lazy\"\/><\/div><div class=\"uagb-ifb-title-wrap\"><\/div><p class=\"uagb-ifb-desc\">Potenciar y defender las culturas locales de los lugares en donde viven.<\/p><\/div><\/div>\n<\/div>\n\n\n\n<div class=\"wp-block-uagb-container uagb-block-61fefcca\">\n<div class=\"wp-block-uagb-info-box uagb-block-f1c3db16 uagb-infobox__content-wrap  uagb-infobox-icon-above-title uagb-infobox-image-valign-top\"><div class=\"uagb-ifb-content\"><div class=\"uagb-ifb-image-content\"><img decoding=\"async\" src=\"http:\/\/asociacionwawitai.org\/wp-content\/uploads\/2024\/03\/trabajo-en-equipo.png\" alt=\"\" width=\"100\" height=\"100\" loading=\"lazy\"\/><\/div><div class=\"uagb-ifb-title-wrap\"><\/div><p class=\"uagb-ifb-desc\">Colaborar en la mejora de las estructuras de salud y de asistencia sanitaria del entorno.<\/p><\/div><\/div>\n<\/div>\n\n\n\n<div class=\"wp-block-uagb-container uagb-block-996d1065\">\n<div class=\"wp-block-uagb-info-box uagb-block-1e310da1 uagb-infobox__content-wrap  uagb-infobox-icon-above-title uagb-infobox-image-valign-top\"><div class=\"uagb-ifb-content\"><div class=\"uagb-ifb-image-content\"><img decoding=\"async\" src=\"http:\/\/asociacionwawitai.org\/wp-content\/uploads\/2024\/03\/graduados-1.png\" alt=\"\" width=\"100\" height=\"100\" loading=\"lazy\"\/><\/div><div class=\"uagb-ifb-title-wrap\"><\/div><p class=\"uagb-ifb-desc\">Procurar a los ni\u00f1os y j\u00f3venes con disposici\u00f3n y sin medios para ello, acceso a la formaci\u00f3n b\u00e1sica y profesional que posibilite su integraci\u00f3n en la sociedad<\/p><\/div><\/div>\n<\/div>\n<\/div>\n<\/div><\/div>\n\n\n\n<div class=\"wp-block-uagb-container uagb-block-119b6b64 alignfull uagb-is-root-container\"><div class=\"uagb-container-inner-blocks-wrap\">\n<!-- Page-list plugin v.5.6 wordpress.org\/plugins\/page-list\/ -->\n<div class=\"page-list page-list-ext \">\n<div class=\"page-list-ext-item\"><div class=\"page-list-ext-image\"><a href=\"https:\/\/asociacionwawitai.org\/?page_id=2087\" title=\"PROYECTOS ACTUALES\"><img decoding=\"async\" src=\"https:\/\/asociacionwawitai.org\/wp-content\/uploads\/2024\/02\/2022_NI\u00f1asCalle_01-150x150.jpg\" width=\"150\" alt=\"PROYECTOS ACTUALES\" \/><\/a><\/div> <h3 class=\"page-list-ext-title\"><a href=\"https:\/\/asociacionwawitai.org\/?page_id=2087\" title=\"PROYECTOS ACTUALES\">PROYECTOS ACTUALES<\/a><\/h3><div class=\"page-list-ext-item-content\">A continuaci\u00f3n, presentamos un listado de los proyectos en los que estamos trabajando actualmente.<\/div><\/div>\n<div class=\"page-list-ext-item\"><div class=\"page-list-ext-image\"><a href=\"https:\/\/asociacionwawitai.org\/?page_id=2126\" title=\"PROYECTOS CERRADOS\"><img decoding=\"async\" src=\"https:\/\/asociacionwawitai.org\/wp-content\/uploads\/2015\/03\/cropped-wawitai_nueva_imagen-150x150.jpg\" width=\"150\" alt=\"PROYECTOS CERRADOS\" \/><\/a><\/div> <h3 class=\"page-list-ext-title\"><a href=\"https:\/\/asociacionwawitai.org\/?page_id=2126\" title=\"PROYECTOS CERRADOS\">PROYECTOS CERRADOS<\/a><\/h3><div class=\"page-list-ext-item-content\">A continuaci\u00f3n, presentamos un listado de los proyectos que han llegado a su final.<\/div><\/div>\n\n<\/div>\n<\/div><\/div>\n","protected":false},"excerpt":{"rendered":"<p>WAWITAI &#8211; PROYECTOS Nos enfocamos en brindar ayuda y apoyo a la infancia en pa\u00edses subdesarrollados, con el objetivo de [&hellip;]<\/p>\n","protected":false},"author":1,"featured_media":0,"parent":0,"menu_order":0,"comment_status":"closed","ping_status":"closed","template":"","meta":{"_uag_custom_page_level_css":"","site-sidebar-layout":"default","site-content-layout":"","ast-site-content-layout":"","site-content-style":"default","site-sidebar-style":"default","ast-global-header-display":"","ast-banner-title-visibility":"","ast-main-header-display":"","ast-hfb-above-header-display":"","ast-hfb-below-header-display":"","ast-hfb-mobile-header-display":"","site-post-title":"","ast-breadcrumbs-content":"","ast-featured-img":"","footer-sml-layout":"","theme-transparent-header-meta":"","adv-header-id-meta":"","stick-header-meta":"","header-above-stick-meta":"","header-main-stick-meta":"","header-below-stick-meta":"","astra-migrate-meta-layouts":"default","ast-page-background-enabled":"default","ast-page-background-meta":{"desktop":{"background-color":"var(--ast-global-color-4)","background-image":"","background-repeat":"repeat","background-position":"center center","background-size":"auto","background-attachment":"scroll","background-type":"","background-media":"","overlay-type":"","overlay-color":"","overlay-gradient":""},"tablet":{"background-color":"","background-image":"","background-repeat":"repeat","background-position":"center center","background-size":"auto","background-attachment":"scroll","background-type":"","background-media":"","overlay-type":"","overlay-color":"","overlay-gradient":""},"mobile":{"background-color":"","background-image":"","background-repeat":"repeat","background-position":"center center","background-size":"auto","background-attachment":"scroll","background-type":"","background-media":"","overlay-type":"","overlay-color":"","overlay-gradient":""}},"ast-content-background-meta":{"desktop":{"background-color":"var(--ast-global-color-5)","background-image":"","background-repeat":"repeat","background-position":"center center","background-size":"auto","background-attachment":"scroll","background-type":"","background-media":"","overlay-type":"","overlay-color":"","overlay-gradient":""},"tablet":{"background-color":"var(--ast-global-color-5)","background-image":"","background-repeat":"repeat","background-position":"center center","background-size":"auto","background-attachment":"scroll","background-type":"","background-media":"","overlay-type":"","overlay-color":"","overlay-gradient":""},"mobile":{"background-color":"var(--ast-global-color-5)","background-image":"","background-repeat":"repeat","background-position":"center center","background-size":"auto","background-attachment":"scroll","background-type":"","background-media":"","overlay-type":"","overlay-color":"","overlay-gradient":""}},"footnotes":""},"class_list":["post-61","page","type-page","status-publish","hentry"],"uagb_featured_image_src":{"full":false,"thumbnail":false,"medium":false,"medium_large":false,"large":false,"1536x1536":false,"2048x2048":false},"uagb_author_info":{"display_name":"Wawitai","author_link":"https:\/\/asociacionwawitai.org\/?author=1"},"uagb_comment_info":0,"uagb_excerpt":"WAWITAI &#8211; PROYECTOS Nos enfocamos en brindar ayuda y apoyo a la infancia en pa\u00edses subdesarrollados, con el objetivo de [&hellip;]","_links":{"self":[{"href":"https:\/\/asociacionwawitai.org\/index.php?rest_route=\/wp\/v2\/pages\/61","targetHints":{"allow":["GET"]}}],"collection":[{"href":"https:\/\/asociacionwawitai.org\/index.php?rest_route=\/wp\/v2\/pages"}],"about":[{"href":"https:\/\/asociacionwawitai.org\/index.php?rest_route=\/wp\/v2\/types\/page"}],"author":[{"embeddable":true,"href":"https:\/\/asociacionwawitai.org\/index.php?rest_route=\/wp\/v2\/users\/1"}],"replies":[{"embeddable":true,"href":"https:\/\/asociacionwawitai.org\/index.php?rest_route=%2Fwp%2Fv2%2Fcomments&post=61"}],"version-history":[{"count":64,"href":"https:\/\/asociacionwawitai.org\/index.php?rest_route=\/wp\/v2\/pages\/61\/revisions"}],"predecessor-version":[{"id":3360,"href":"https:\/\/asociacionwawitai.org\/index.php?rest_route=\/wp\/v2\/pages\/61\/revisions\/3360"}],"wp:attachment":[{"href":"https:\/\/asociacionwawitai.org\/index.php?rest_route=%2Fwp%2Fv2%2Fmedia&parent=61"}],"curies":[{"name":"wp","href":"https:\/\/api.w.org\/{rel}","templated":true}]}}